{"id":32997,"date":"2026-02-24T12:07:30","date_gmt":"2026-02-24T12:07:30","guid":{"rendered":"https:\/\/motokary-karting.sk\/?post_type=product&#038;p=32997"},"modified":"2026-02-25T15:48:49","modified_gmt":"2026-02-25T15:48:49","slug":"podwozie-motokara-crg-kz-road-rebel","status":"publish","type":"product","link":"https:\/\/motokary-karting.sk\/pl\/produkt\/motokara-podvozok-crg-kz-road-rebel\/","title":{"rendered":"Podwozie gokartowe CRG KZ - Road Rebel"},"content":{"rendered":"<p>Podwozie Road Rebel ma ram\u0119 z chromowanych rur Moli \u00d832 z nowym koszykiem \u0142o\u017cyska. W tym podwoziu mo\u017cna regulowa\u0107 tyln\u0105 o\u015b, rozstaw osi i o\u015b obrotu; z przodu mo\u017cna \u0142atwo regulowa\u0107 pochylenie k\u00f3\u0142 za pomoc\u0105 ekskluzywnego systemu Sniper. Ca\u0142a gama rower\u00f3w wy\u015bcigowych jest wyposa\u017cona w uk\u0142ad hamulcowy Ven11 lub Ven13, w zale\u017cno\u015bci od wybranego uk\u0142adu hamulcowego, dla hamulc\u00f3w tarczowych 192 lub 180. Podwozie jest dostarczane z plastikow\u0105 karoseri\u0105 507\/509 i nowym zestawem naklejek.<\/p>\n<p>&nbsp;<\/p>","protected":false},"excerpt":{"rendered":"<p>Podwozie Road Rebel ma ram\u0119 z chromowanych rur Moli \u00d832 z nowym koszykiem \u0142o\u017cyska. W tym podwoziu mo\u017cna regulowa\u0107 tyln\u0105 o\u015b, rozstaw osi i o\u015b obrotu....<\/p>","protected":false},"featured_media":33010,"template":"","meta":[],"product_brand":[],"product_cat":[3447,16],"product_tag":[3456,3459,3455,142,1344,2984,2388,34,3449,2386,3457,3458,3454,1698],"class_list":{"0":"post-32997","1":"product","2":"type-product","3":"status-publish","4":"has-post-thumbnail","6":"product_cat-crg","7":"product_cat-motokary","8":"product_tag-cerg-podvozok-kz","9":"product_tag-crg-kz-motokara","10":"product_tag-crg-road-rebel","11":"product_tag-karting","12":"product_tag-karting-shop","13":"product_tag-kartingshop","14":"product_tag-minikart","15":"product_tag-motokara","16":"product_tag-motokara-crg","17":"product_tag-nova-motokara-na-predaj","18":"product_tag-podvozok-crg-kz","19":"product_tag-podvozok-na-kz","20":"product_tag-predaj-podvozkov-crg","21":"product_tag-predajna-motokar","23":"first","24":"onbackorder","25":"sale","26":"taxable","27":"shipping-taxable","28":"purchasable","29":"product-type-variable","30":"customify-col","31":"product-has-gallery"},"aioseo_notices":[],"_links":{"self":[{"href":"https:\/\/motokary-karting.sk\/pl\/wp-json\/wp\/v2\/product\/32997","targetHints":{"allow":["GET"]}}],"collection":[{"href":"https:\/\/motokary-karting.sk\/pl\/wp-json\/wp\/v2\/product"}],"about":[{"href":"https:\/\/motokary-karting.sk\/pl\/wp-json\/wp\/v2\/types\/product"}],"wp:featuredmedia":[{"embeddable":true,"href":"https:\/\/motokary-karting.sk\/pl\/wp-json\/wp\/v2\/media\/33010"}],"wp:attachment":[{"href":"https:\/\/motokary-karting.sk\/pl\/wp-json\/wp\/v2\/media?parent=32997"}],"wp:term":[{"taxonomy":"product_brand","embeddable":true,"href":"https:\/\/motokary-karting.sk\/pl\/wp-json\/wp\/v2\/product_brand?post=32997"},{"taxonomy":"product_cat","embeddable":true,"href":"https:\/\/motokary-karting.sk\/pl\/wp-json\/wp\/v2\/product_cat?post=32997"},{"taxonomy":"product_tag","embeddable":true,"href":"https:\/\/motokary-karting.sk\/pl\/wp-json\/wp\/v2\/product_tag?post=32997"}],"curies":[{"name":"wp","href":"https:\/\/api.w.org\/{rel}","templated":true}]}}