{"id":33030,"date":"2026-02-24T13:22:53","date_gmt":"2026-02-24T13:22:53","guid":{"rendered":"https:\/\/motokary-karting.sk\/?post_type=product&#038;p=33030"},"modified":"2026-02-25T15:48:13","modified_gmt":"2026-02-25T15:48:13","slug":"podwozie-motokara-crg-kt4","status":"publish","type":"product","link":"https:\/\/motokary-karting.sk\/pl\/produkt\/motokara-podvozok-crg-kt4\/","title":{"rendered":"Podwozie gokartowe CRG KT4"},"content":{"rendered":"<p>Podwozie KT4 ma ram\u0119 z chromowanymi rurami Moli \u00d830 na d\u0142ugiej belce podwozia oraz poprzeczkami i rurami przednimi \u00d832, nowy zawias \u0142o\u017cyskowy jest wzmocniony po stronie hamulca. W podwoziu KT4 mo\u017cna regulowa\u0107 tyln\u0105 o\u015b i o\u015b obrotu; z przodu mo\u017cna \u0142atwo regulowa\u0107 pochylenie k\u00f3\u0142 za pomoc\u0105 ekskluzywnego systemu Sniper. Ca\u0142a gama podwozi jest wyposa\u017cona w uk\u0142ad hamulcowy Ven11 lub Ven13, w zale\u017cno\u015bci od wybranego uk\u0142adu hamulcowego, z dwiema opcjami dost\u0119pnymi dla 192 lub 180 tarcz hamulcowych. Podwozie jest dostarczane z plastikow\u0105 karoseri\u0105 507\/509 i nowym zestawem kalkomanii.<\/p>\n<p><strong>CENA TEGO PRODUKTU MO\u017bE BY\u0106 NEGOCJOWANA INDYWIDUALNIE.<\/strong><\/p>","protected":false},"excerpt":{"rendered":"<p>Podwozie KT4 ma ram\u0119 z chromowanymi rurami Moli \u00d830 na d\u0142ugiej belce podwozia oraz poprzeczkami i rurami przednimi \u00d832, nowy zawias \u0142o\u017cyskowy jest wzmocniony...<\/p>","protected":false},"featured_media":33050,"template":"","meta":[],"product_brand":[],"product_cat":[3447,16],"product_tag":[1943,3448,3452,3451,3450,142,1344,2388,34,3449,2386,3454,1698,3453],"class_list":{"0":"post-33030","1":"product","2":"type-product","3":"status-publish","4":"has-post-thumbnail","6":"product_cat-crg","7":"product_cat-motokary","8":"product_tag-crg","9":"product_tag-crg-kart","10":"product_tag-crg-karting","11":"product_tag-crg-podvozky","12":"product_tag-crg-podvozok","13":"product_tag-karting","14":"product_tag-karting-shop","15":"product_tag-minikart","16":"product_tag-motokara","17":"product_tag-motokara-crg","18":"product_tag-nova-motokara-na-predaj","19":"product_tag-predaj-podvozkov-crg","20":"product_tag-predajna-motokar","21":"product_tag-ram-crg","23":"first","24":"onbackorder","25":"sale","26":"taxable","27":"shipping-taxable","28":"purchasable","29":"product-type-variable","30":"customify-col","31":"product-has-gallery"},"aioseo_notices":[],"_links":{"self":[{"href":"https:\/\/motokary-karting.sk\/pl\/wp-json\/wp\/v2\/product\/33030","targetHints":{"allow":["GET"]}}],"collection":[{"href":"https:\/\/motokary-karting.sk\/pl\/wp-json\/wp\/v2\/product"}],"about":[{"href":"https:\/\/motokary-karting.sk\/pl\/wp-json\/wp\/v2\/types\/product"}],"wp:featuredmedia":[{"embeddable":true,"href":"https:\/\/motokary-karting.sk\/pl\/wp-json\/wp\/v2\/media\/33050"}],"wp:attachment":[{"href":"https:\/\/motokary-karting.sk\/pl\/wp-json\/wp\/v2\/media?parent=33030"}],"wp:term":[{"taxonomy":"product_brand","embeddable":true,"href":"https:\/\/motokary-karting.sk\/pl\/wp-json\/wp\/v2\/product_brand?post=33030"},{"taxonomy":"product_cat","embeddable":true,"href":"https:\/\/motokary-karting.sk\/pl\/wp-json\/wp\/v2\/product_cat?post=33030"},{"taxonomy":"product_tag","embeddable":true,"href":"https:\/\/motokary-karting.sk\/pl\/wp-json\/wp\/v2\/product_tag?post=33030"}],"curies":[{"name":"wp","href":"https:\/\/api.w.org\/{rel}","templated":true}]}}