{"id":33141,"date":"2026-03-02T15:54:55","date_gmt":"2026-03-02T15:54:55","guid":{"rendered":"https:\/\/motokary-karting.sk\/?post_type=product&#038;p=33141"},"modified":"2026-03-08T14:21:26","modified_gmt":"2026-03-08T14:21:26","slug":"podwozie-gokarta-kali-kk2","status":"publish","type":"product","link":"https:\/\/motokary-karting.sk\/pl\/produkt\/motokara-podvozok-kali-kart-kk2\/","title":{"rendered":"Podwozie gokartowe Kal\u00ec Kart KK2"},"content":{"rendered":"<p>Rama tego modelu <strong>wykonane z 30 mm rur ze stali chromowo-molibdenowej<\/strong> i jest szczeg\u00f3lnie odpowiedni dla kategorii z nap\u0119dem bezpo\u015brednim, zar\u00f3wno mi\u0119dzynarodowych (OK - OKJ), jak i g\u0142\u00f3wnych trofe\u00f3w jednej marki, takich jak Rotax, Iame X30 i Rok. Konstrukcja nadwozia jest konwencjonalna, a jego mocne strony obejmuj\u0105 \u0142atwo\u015b\u0107 \u0142\u0105czenia ze wszystkimi typami opon (opcjonalnymi i g\u0142\u00f3wnymi) oraz wyczucie, jakie oferuje kierowcy dzi\u0119ki prostej konfiguracji. Akcesoria s\u0105 najwy\u017cszej klasy i obejmuj\u0105 magnezowe ko\u0142a i akcesoria, uk\u0142ad hamulcowy VEN 11b i nowe elementy owiewek 507\/509. Dzi\u0119ki zastosowaniu podwozia z d\u017awigni\u0105 zmiany bieg\u00f3w i zestawem sprz\u0119g\u0142a, KK2 mo\u017ce by\u0107 r\u00f3wnie\u017c u\u017cywany w kategoriach KZ, gdzie wymagane jest bardziej mi\u0119kkie i p\u0142ynniejsze podwozie ni\u017c konwencjonalne 32 mm, co jest przydatne na przyk\u0142ad w warunkach wysokiej przyczepno\u015bci na torze.<\/p>\n<p>Oczywi\u015bcie marka Kal\u00ec Kart nale\u017cy do rodziny CRG.<\/p>","protected":false},"excerpt":{"rendered":"<p>Rama tego modelu wykonana jest z 30 mm rur ze stali chromowo-molibdenowej i jest szczeg\u00f3lnie odpowiednia dla kategorii nap\u0119d\u00f3w bezpo\u015brednich, zar\u00f3wno mi\u0119dzynarodowych (OK...<\/p>","protected":false},"featured_media":33170,"template":"","meta":[],"product_brand":[],"product_cat":[3465,16],"product_tag":[2477,2494,2495,2492,2493,2486,2491,142,1344,2388,34,2487,2386,2489,2488,2496,2490,1698],"class_list":{"0":"post-33141","1":"product","2":"type-product","3":"status-publish","4":"has-post-thumbnail","6":"product_cat-kali-kart","7":"product_cat-motokary","8":"product_tag-croc","9":"product_tag-croc-mini-kart","10":"product_tag-croc-mini-kart-predaj","11":"product_tag-croc-motokara","12":"product_tag-croc-motokary","13":"product_tag-croc-poromotion","14":"product_tag-croc-promotion-motokary","15":"product_tag-karting","16":"product_tag-karting-shop","17":"product_tag-minikart","18":"product_tag-motokara","19":"product_tag-motokara-croc","20":"product_tag-nova-motokara-na-predaj","21":"product_tag-predaj-croc-promotion","22":"product_tag-predaj-motokar-croc","23":"product_tag-predaj-motokary-croc","24":"product_tag-predajca-croc-promotion","25":"product_tag-predajna-motokar","27":"first","28":"onbackorder","29":"sale","30":"taxable","31":"shipping-taxable","32":"purchasable","33":"product-type-variable","34":"customify-col","35":"product-has-gallery"},"aioseo_notices":[],"_links":{"self":[{"href":"https:\/\/motokary-karting.sk\/pl\/wp-json\/wp\/v2\/product\/33141","targetHints":{"allow":["GET"]}}],"collection":[{"href":"https:\/\/motokary-karting.sk\/pl\/wp-json\/wp\/v2\/product"}],"about":[{"href":"https:\/\/motokary-karting.sk\/pl\/wp-json\/wp\/v2\/types\/product"}],"wp:featuredmedia":[{"embeddable":true,"href":"https:\/\/motokary-karting.sk\/pl\/wp-json\/wp\/v2\/media\/33170"}],"wp:attachment":[{"href":"https:\/\/motokary-karting.sk\/pl\/wp-json\/wp\/v2\/media?parent=33141"}],"wp:term":[{"taxonomy":"product_brand","embeddable":true,"href":"https:\/\/motokary-karting.sk\/pl\/wp-json\/wp\/v2\/product_brand?post=33141"},{"taxonomy":"product_cat","embeddable":true,"href":"https:\/\/motokary-karting.sk\/pl\/wp-json\/wp\/v2\/product_cat?post=33141"},{"taxonomy":"product_tag","embeddable":true,"href":"https:\/\/motokary-karting.sk\/pl\/wp-json\/wp\/v2\/product_tag?post=33141"}],"curies":[{"name":"wp","href":"https:\/\/api.w.org\/{rel}","templated":true}]}}