{"id":33157,"date":"2026-03-02T16:20:04","date_gmt":"2026-03-02T16:20:04","guid":{"rendered":"https:\/\/motokary-karting.sk\/?post_type=product&#038;p=33157"},"modified":"2026-03-02T16:27:28","modified_gmt":"2026-03-02T16:27:28","slug":"podwozie-gokarta-kali-kk4","status":"publish","type":"product","link":"https:\/\/motokary-karting.sk\/pl\/produkt\/motokara-podvozok-kali-kart-kk4\/","title":{"rendered":"Podwozie gokartowe Kal\u00ec Kart KK4"},"content":{"rendered":"<p>Rama tego modelu jest wykonana z 32-milimetrowych rur ze stali chromowo-molibdenowej i jest szczeg\u00f3lnie odpowiednia dla kategorii Shifting, mi\u0119dzynarodowych (KZ - KZ2), a tak\u017ce dla kategorii ze skrzyniami bieg\u00f3w g\u0142\u00f3wnych marek, takich jak Rotax, Iame X30 i ROK. Podwozie KK4 jest wielokrotnym mistrzem \u015bwiata, a jego mocne strony zawsze obejmowa\u0142y hamowanie, trakcj\u0119 i przyczepno\u015b\u0107 boczn\u0105, kt\u00f3re s\u0105 priorytetowymi cechami technicznymi w kategoriach wyczynowych, takich jak KZ. To samo podwozie, zim\u0105 i we wszystkich przypadkach, w kt\u00f3rych wymagana jest przyczepno\u015b\u0107 lub wi\u0119ksza \u0142atwo\u015b\u0107 ustawienia opon w \u201eoknie\u201c roboczym, mo\u017ce by\u0107 r\u00f3wnie\u017c z powodzeniem stosowane z silnikami z nap\u0119dem bezpo\u015brednim, je\u015bli wymagana jest konfiguracja DD, kt\u00f3ra nie obejmuje przednich hamulc\u00f3w i d\u017awigni zmiany bieg\u00f3w. Akcesoria s\u0105 najwy\u017cszej klasy i obejmuj\u0105 magnezowe ko\u0142a i akcesoria, uk\u0142ad hamulcowy VEN 11b i nowe owiewki 507\/509. KK4 jest r\u00f3wnie\u017c zatwierdzony do kategorii ROTAX DD2, kt\u00f3ra wykorzystuje specjalny system skrzyni bieg\u00f3w.<\/p>","protected":false},"excerpt":{"rendered":"<p>Rama tego modelu wykonana jest z 32-milimetrowych rur ze stali chromowo-molibdenowej i jest szczeg\u00f3lnie odpowiednia dla kategorii...<\/p>","protected":false},"featured_media":33169,"template":"","meta":[],"product_brand":[],"product_cat":[3465,16],"product_tag":[1943,3448,3452,3451,3450,142,1344,2388,34,3449,2386,3454,1698,3453],"class_list":{"0":"post-33157","1":"product","2":"type-product","3":"status-publish","4":"has-post-thumbnail","6":"product_cat-kali-kart","7":"product_cat-motokary","8":"product_tag-crg","9":"product_tag-crg-kart","10":"product_tag-crg-karting","11":"product_tag-crg-podvozky","12":"product_tag-crg-podvozok","13":"product_tag-karting","14":"product_tag-karting-shop","15":"product_tag-minikart","16":"product_tag-motokara","17":"product_tag-motokara-crg","18":"product_tag-nova-motokara-na-predaj","19":"product_tag-predaj-podvozkov-crg","20":"product_tag-predajna-motokar","21":"product_tag-ram-crg","23":"first","24":"onbackorder","25":"sale","26":"taxable","27":"shipping-taxable","28":"purchasable","29":"product-type-variable","30":"customify-col","31":"product-has-gallery"},"aioseo_notices":[],"_links":{"self":[{"href":"https:\/\/motokary-karting.sk\/pl\/wp-json\/wp\/v2\/product\/33157","targetHints":{"allow":["GET"]}}],"collection":[{"href":"https:\/\/motokary-karting.sk\/pl\/wp-json\/wp\/v2\/product"}],"about":[{"href":"https:\/\/motokary-karting.sk\/pl\/wp-json\/wp\/v2\/types\/product"}],"wp:featuredmedia":[{"embeddable":true,"href":"https:\/\/motokary-karting.sk\/pl\/wp-json\/wp\/v2\/media\/33169"}],"wp:attachment":[{"href":"https:\/\/motokary-karting.sk\/pl\/wp-json\/wp\/v2\/media?parent=33157"}],"wp:term":[{"taxonomy":"product_brand","embeddable":true,"href":"https:\/\/motokary-karting.sk\/pl\/wp-json\/wp\/v2\/product_brand?post=33157"},{"taxonomy":"product_cat","embeddable":true,"href":"https:\/\/motokary-karting.sk\/pl\/wp-json\/wp\/v2\/product_cat?post=33157"},{"taxonomy":"product_tag","embeddable":true,"href":"https:\/\/motokary-karting.sk\/pl\/wp-json\/wp\/v2\/product_tag?post=33157"}],"curies":[{"name":"wp","href":"https:\/\/api.w.org\/{rel}","templated":true}]}}