{"id":33171,"date":"2026-03-02T16:40:32","date_gmt":"2026-03-02T16:40:32","guid":{"rendered":"https:\/\/motokary-karting.sk\/?post_type=product&#038;p=33171"},"modified":"2026-04-30T10:03:27","modified_gmt":"2026-04-30T10:03:27","slug":"podwozie-gokarta-kali-kart-mini","status":"publish","type":"product","link":"https:\/\/motokary-karting.sk\/pl\/produkt\/motokara-podvozok-kali-kart-mini\/","title":{"rendered":"Podwozie gokartowe Kal\u00ec Kart MINI"},"content":{"rendered":"<p>Korpus tego modelu wykonany jest z 28 mm rurek ze stali chromowo-molibdenowej i jest <strong>Zatwierdzony przez FIA dla klas MINI<\/strong>, zar\u00f3wno krajowych, wymaganych w zawodach WSK, jak i dla g\u0142\u00f3wnych trofe\u00f3w jednej marki (Rotax, Iame i Rok). G\u0142\u00f3wn\u0105 cech\u0105 tego podwozia jest doskona\u0142a r\u00f3wnowaga podstawowa ze standardow\u0105 konfiguracj\u0105, kt\u00f3ra pozwala dzieciom, nawet z niewielkim do\u015bwiadczeniem, natychmiast znale\u017a\u0107 doskona\u0142e wyczucie ka\u017cdego rodzaju opon i na wszystkich torach. Wyposa\u017cenie jest wysokiej jako\u015bci i obejmuje magnezowe ko\u0142a oraz hydrauliczny uk\u0142ad hamulcowy VEN 12.<\/p>","protected":false},"excerpt":{"rendered":"<p>Nadwozie tego modelu jest wykonane z 28-milimetrowych rur ze stali chromowo-molibdenowej i posiada homologacj\u0119 FIA dla klas MINI, zar\u00f3wno krajowych, jak i...<\/p>","protected":false},"featured_media":33182,"template":"","meta":[],"product_brand":[],"product_cat":[3465,16],"product_tag":[3463,3448,3462,3460,3450,3464,142,1344,2388,34,3449,2386,3461,1698,3453],"class_list":{"0":"post-33171","1":"product","2":"type-product","3":"status-publish","4":"has-post-thumbnail","6":"product_cat-kali-kart","7":"product_cat-motokary","8":"product_tag-crg-chassis","9":"product_tag-crg-kart","10":"product_tag-crg-mini-kart","11":"product_tag-crg-motokara","12":"product_tag-crg-podvozok","13":"product_tag-crg-ram","14":"product_tag-karting","15":"product_tag-karting-shop","16":"product_tag-minikart","17":"product_tag-motokara","18":"product_tag-motokara-crg","19":"product_tag-nova-motokara-na-predaj","20":"product_tag-podvozok-crg","21":"product_tag-predajna-motokar","22":"product_tag-ram-crg","24":"first","25":"onbackorder","26":"taxable","27":"shipping-taxable","28":"purchasable","29":"product-type-simple","30":"customify-col","31":"product-has-gallery"},"aioseo_notices":[],"_links":{"self":[{"href":"https:\/\/motokary-karting.sk\/pl\/wp-json\/wp\/v2\/product\/33171","targetHints":{"allow":["GET"]}}],"collection":[{"href":"https:\/\/motokary-karting.sk\/pl\/wp-json\/wp\/v2\/product"}],"about":[{"href":"https:\/\/motokary-karting.sk\/pl\/wp-json\/wp\/v2\/types\/product"}],"wp:featuredmedia":[{"embeddable":true,"href":"https:\/\/motokary-karting.sk\/pl\/wp-json\/wp\/v2\/media\/33182"}],"wp:attachment":[{"href":"https:\/\/motokary-karting.sk\/pl\/wp-json\/wp\/v2\/media?parent=33171"}],"wp:term":[{"taxonomy":"product_brand","embeddable":true,"href":"https:\/\/motokary-karting.sk\/pl\/wp-json\/wp\/v2\/product_brand?post=33171"},{"taxonomy":"product_cat","embeddable":true,"href":"https:\/\/motokary-karting.sk\/pl\/wp-json\/wp\/v2\/product_cat?post=33171"},{"taxonomy":"product_tag","embeddable":true,"href":"https:\/\/motokary-karting.sk\/pl\/wp-json\/wp\/v2\/product_tag?post=33171"}],"curies":[{"name":"wp","href":"https:\/\/api.w.org\/{rel}","templated":true}]}}