{"id":33302,"date":"2026-03-08T13:21:58","date_gmt":"2026-03-08T13:21:58","guid":{"rendered":"https:\/\/motokary-karting.sk\/?post_type=product&#038;p=33302"},"modified":"2026-03-11T17:33:06","modified_gmt":"2026-03-11T17:33:06","slug":"ochraniacz-zeber-jecko-jk1","status":"publish","type":"product","link":"https:\/\/motokary-karting.sk\/pl\/produkt\/jecko-jk1-rebrovy-chranic\/","title":{"rendered":"Ochraniacz \u017ceber Jecko JK1"},"content":{"rendered":"<p>Ochraniacz \u017ceber JK1 to ochraniacz klatki piersiowej zaprojektowany do u\u017cytku w gokartach,<br \/>\nkt\u00f3ry zosta\u0142 zaprojektowany w celu ochrony klatki piersiowej kierowcy przed ryzykiem uderzenia mechanicznego spowodowanego si\u0142\u0105 grawitacji.<br \/>\nCharakteryzuje si\u0119 ochron\u0105 przed uderzeniami, kt\u00f3ra chroni rowerzyst\u0119 zar\u00f3wno przed powierzchownymi obra\u017ceniami mechanicznymi, jak i<br \/>\nuraz\u00f3w spowodowanych energi\u0105 uderzenia poprzez jej poch\u0142anianie i\/lub redukcj\u0119.<br \/>\nJK1 to ochraniacz przeciwuderzeniowy przeznaczony do ochrony klatki piersiowej u\u017cytkownika<br \/>\npoch\u0142aniaj\u0105c i\/lub rozprowadzaj\u0105c energi\u0119 uderzenia.<br \/>\nJest to \u015brodek ochrony indywidualnej (PPE) kategorii II.<\/p>\n<p>WYB\u00d3R ROZMIARU<br \/>\nJK1 zosta\u0142 zaprojektowany tak, aby jak najlepiej dopasowa\u0107 si\u0119 do cia\u0142a kierowcy.<br \/>\nRozmiary ochraniaczy \u017ceber JK1 zgodnie z przepisem 4.4 FIA 8870-2018 s\u0105 okre\u015blone przez<br \/>\nprzede wszystkim na podstawie wzrostu u\u017cytkownika oraz, jako druga opcja, na podstawie obwodu klatki piersiowej.<br \/>\nDla ka\u017cdego wzrostu rowerzysta mo\u017ce wybra\u0107 jeden lub wi\u0119cej rozmiar\u00f3w na podstawie obwodu klatki piersiowej.<\/p>\n<p>OG\u0141OSZENIA<br \/>\nOchraniacza \u017ceber JK1 nale\u017cy u\u017cywa\u0107 tylko wtedy, gdy wszystkie cz\u0119\u015bci s\u0105 nienaruszone i pod\u0142\u0105czone tak, jakby by\u0142y nowe z fabryki.<br \/>\nJe\u015bli brakuje jakichkolwiek cz\u0119\u015bci lub s\u0105 one uszkodzone, \u015aOI nie mog\u0105 by\u0107 u\u017cywane w \u017cadnych okoliczno\u015bciach. \u015aOI nale\u017cy nosi\u0107 z ochraniaczem klatki piersiowej przylegaj\u0105cym do klatki piersiowej. Ochraniacz klatki piersiowej musi zachodzi\u0107 na paski boczne na co najmniej 10 mm.<br \/>\nPod \u017cadnym pozorem nie nale\u017cy usuwa\u0107 logo przymocowanego do elastycznego paska ochraniacza klatki piersiowej.<br \/>\nJe\u015bli zostanie usuni\u0119ty, JK1 nie mo\u017ce by\u0107 ju\u017c u\u017cywany.<br \/>\nPodczas noszenia \u015aOI i w pozycji do jazdy gokartem, g\u00f3rna cz\u0119\u015b\u0107 ochraniacza klatki piersiowej nie mo\u017ce znajdowa\u0107 si\u0119 wi\u0119cej ni\u017c 25 mm poni\u017cej g\u00f3rnej cz\u0119\u015bci mostka.<\/p>\n<p>INSTRUKCJE U\u017bYTKOWANIA<br \/>\nPo za\u0142o\u017ceniu JK1 rowerzysta musi przewlec pasek przez odpowiednie p\u0119tle i zapi\u0105\u0107 go z przodu,<br \/>\npodczas gdy uchwyt paska os\u0142ony musi by\u0107 wyr\u00f3wnany z mostkiem.<br \/>\nDla u\u0142atwienia, po zako\u0144czeniu operacji w kroku 1, suwak mo\u017ce u\u017cywa\u0107<br \/>\ndo zak\u0142adania lub zdejmowania ochraniacza \u017ceber nale\u017cy u\u017cywa\u0107 wy\u0142\u0105cznie odpowiedniego paska, zawsze sprawdzaj\u0105c, czy uchwyt paska os\u0142ony jest<br \/>\nw jednej linii z mostkiem. Je\u015bli tak nie jest, nale\u017cy powt\u00f3rzy\u0107 czynno\u015b\u0107 opisan\u0105 w kroku 1.<br \/>\nTarcza musi \u015bci\u015ble przylega\u0107 do klatki piersiowej rowerzysty; z tego powodu mo\u017ce by\u0107 noszona wewn\u0105trz lub na zewn\u0105trz.<br \/>\npoza pow\u0142ok\u0105, pozwalaj\u0105c kierowcy wybra\u0107 najlepsze rozwi\u0105zanie, aby to osi\u0105gn\u0105\u0107<br \/>\nStan.<\/p>\n<p>Zgodnie z regulaminem FIA 4.4 os\u0142ona i skorupa musz\u0105 zawsze zachodzi\u0107 na siebie w odleg\u0142o\u015bci 10 mm.<br \/>\nNorma 8870-2018. Nak\u0142adanie si\u0119 jest gwarantowane przez d\u0142ugo\u015b\u0107 paska i lokalizacj\u0119.<br \/>\nZapi\u0119cia na rzepy.<br \/>\nOSTRZE\u017bENIE: Zawsze sprawdzaj, czy uchwyt paska os\u0142ony jest wyr\u00f3wnany z mostkiem.<br \/>\nWyreguluj paski naramienne tak, aby urz\u0105dzenie ochronne znajdowa\u0142o si\u0119 na odpowiedniej wysoko\u015bci. Podczas siedzenia w gokarcie g\u00f3rna cz\u0119\u015b\u0107 os\u0142ony nie powinna znajdowa\u0107 si\u0119 ni\u017cej ni\u017c 25 mm od g\u00f3rnej cz\u0119\u015bci mostka.<br \/>\nINSTRUKCJE CZYSZCZENIA I KONSERWACJI<br \/>\nJK1 nale\u017cy czy\u015bci\u0107 wy\u0142\u0105cznie mi\u0119kk\u0105, wilgotn\u0105 \u015bciereczk\u0105 i wod\u0105 o temperaturze nieprzekraczaj\u0105cej 40 \u00b0C (104 \u00b0F) oraz nieagresywnymi myd\u0142ami o neutralnym pH. Nie u\u017cywaj rozpuszczalnik\u00f3w ani alkoholu, kt\u00f3re mog\u0142yby uszkodzi\u0107 \u015brodki ochrony indywidualnej.<br \/>\nPo wyczyszczeniu wysuszy\u0107 such\u0105 szmatk\u0105 z dala od bezpo\u015bredniego \u015bwiat\u0142a s\u0142onecznego lub \u017ar\u00f3de\u0142 ciep\u0142a.<\/p>","protected":false},"excerpt":{"rendered":"<p>Ochraniacz \u017ceber JK1 to ochraniacz klatki piersiowej zaprojektowany do u\u017cytku w gokartach, kt\u00f3ry ma na celu ochron\u0119 klatki piersiowej kierowcy przed...<\/p>","protected":false},"featured_media":33319,"template":"","meta":[],"product_brand":[],"product_cat":[88,158,18],"product_tag":[2888,3218,3220,3219,142,1344,81,720,1285,1203],"class_list":{"0":"post-33302","1":"product","2":"type-product","3":"status-publish","4":"has-post-thumbnail","6":"product_cat-ochrana-rebier","7":"product_cat-tip-na-darcek","8":"product_cat-vybava-pretekara","9":"product_tag-bengio","10":"product_tag-bengio-ab7","11":"product_tag-bengio-chranic-rebier","12":"product_tag-chranic-rebier-bengio","13":"product_tag-karting","14":"product_tag-karting-shop","15":"product_tag-motokary","16":"product_tag-ochrana-rebier","17":"product_tag-rebrovy-chranic-alpinestars","18":"product_tag-rebrovy-chranic-na-motokary","20":"first","21":"onbackorder","22":"sale","23":"taxable","24":"shipping-taxable","25":"purchasable","26":"product-type-variable","27":"customify-col","28":"product-has-gallery"},"aioseo_notices":[],"_links":{"self":[{"href":"https:\/\/motokary-karting.sk\/pl\/wp-json\/wp\/v2\/product\/33302","targetHints":{"allow":["GET"]}}],"collection":[{"href":"https:\/\/motokary-karting.sk\/pl\/wp-json\/wp\/v2\/product"}],"about":[{"href":"https:\/\/motokary-karting.sk\/pl\/wp-json\/wp\/v2\/types\/product"}],"wp:featuredmedia":[{"embeddable":true,"href":"https:\/\/motokary-karting.sk\/pl\/wp-json\/wp\/v2\/media\/33319"}],"wp:attachment":[{"href":"https:\/\/motokary-karting.sk\/pl\/wp-json\/wp\/v2\/media?parent=33302"}],"wp:term":[{"taxonomy":"product_brand","embeddable":true,"href":"https:\/\/motokary-karting.sk\/pl\/wp-json\/wp\/v2\/product_brand?post=33302"},{"taxonomy":"product_cat","embeddable":true,"href":"https:\/\/motokary-karting.sk\/pl\/wp-json\/wp\/v2\/product_cat?post=33302"},{"taxonomy":"product_tag","embeddable":true,"href":"https:\/\/motokary-karting.sk\/pl\/wp-json\/wp\/v2\/product_tag?post=33302"}],"curies":[{"name":"wp","href":"https:\/\/api.w.org\/{rel}","templated":true}]}}