{"id":33459,"date":"2026-03-15T09:37:06","date_gmt":"2026-03-15T09:37:06","guid":{"rendered":"https:\/\/motokary-karting.sk\/?post_type=product&#038;p=33459"},"modified":"2026-04-16T17:51:52","modified_gmt":"2026-04-16T17:51:52","slug":"zestaw-4-kol-magnezowych-crg-przod-132mm-tyl-212mm","status":"publish","type":"product","link":"https:\/\/motokary-karting.sk\/pl\/produkt\/crg-magneziove-disky-sada-4ks-predne-132mm-zadne-212mm\/","title":{"rendered":"Ko\u0142a CRG Magnesium SET 4szt prz\u00f3d 132mm | ty\u0142 212mm"},"content":{"rendered":"<p>Oryginalny odcinek<\/p>","protected":false},"excerpt":{"rendered":"<p>Oryginalny odcinek<\/p>","protected":false},"featured_media":33460,"template":"","meta":[],"product_brand":[],"product_cat":[1549,302,3466,3472,271],"product_tag":[3474,3476,3473,142,3475,81],"class_list":{"0":"post-33459","1":"product","2":"type-product","3":"status-publish","4":"has-post-thumbnail","6":"product_cat-brzdove-platnicky","7":"product_cat-brzdy-prislusenstvo","8":"product_cat-crg-kali-kart","9":"product_cat-disky-prislusenstvo-crg-kali-kart","10":"product_cat-nahradne-diely-na-podvozky","11":"product_tag-crg-disky","12":"product_tag-crg-magnesium-rims","13":"product_tag-disky-crg","14":"product_tag-karting","15":"product_tag-magneziove-disky-crg","16":"product_tag-motokary","18":"first","19":"onbackorder","20":"taxable","21":"shipping-taxable","22":"purchasable","23":"product-type-simple","24":"customify-col"},"aioseo_notices":[],"_links":{"self":[{"href":"https:\/\/motokary-karting.sk\/pl\/wp-json\/wp\/v2\/product\/33459","targetHints":{"allow":["GET"]}}],"collection":[{"href":"https:\/\/motokary-karting.sk\/pl\/wp-json\/wp\/v2\/product"}],"about":[{"href":"https:\/\/motokary-karting.sk\/pl\/wp-json\/wp\/v2\/types\/product"}],"wp:featuredmedia":[{"embeddable":true,"href":"https:\/\/motokary-karting.sk\/pl\/wp-json\/wp\/v2\/media\/33460"}],"wp:attachment":[{"href":"https:\/\/motokary-karting.sk\/pl\/wp-json\/wp\/v2\/media?parent=33459"}],"wp:term":[{"taxonomy":"product_brand","embeddable":true,"href":"https:\/\/motokary-karting.sk\/pl\/wp-json\/wp\/v2\/product_brand?post=33459"},{"taxonomy":"product_cat","embeddable":true,"href":"https:\/\/motokary-karting.sk\/pl\/wp-json\/wp\/v2\/product_cat?post=33459"},{"taxonomy":"product_tag","embeddable":true,"href":"https:\/\/motokary-karting.sk\/pl\/wp-json\/wp\/v2\/product_tag?post=33459"}],"curies":[{"name":"wp","href":"https:\/\/api.w.org\/{rel}","templated":true}]}}