{"id":33514,"date":"2026-03-18T07:18:14","date_gmt":"2026-03-18T07:18:14","guid":{"rendered":"https:\/\/motokary-karting.sk\/?post_type=product&#038;p=33514"},"modified":"2026-03-18T08:09:14","modified_gmt":"2026-03-18T08:09:14","slug":"filtr-powietrza-kg-booster-30mm-kz","status":"publish","type":"product","link":"https:\/\/motokary-karting.sk\/pl\/produkt\/vzduchovy-filter-kg-booster-30mm-kz\/","title":{"rendered":"Filtr powietrza - KG Booster 30mm (KZ)"},"content":{"rendered":"<p>T\u0142umik dolotowy BOOSTER KG to nowy filtr powietrza opracowany przez KG we wsp\u00f3\u0142pracy z SPRINT FILTER, zaprojektowany w celu zapewnienia maksymalnej wydajno\u015bci, stabilnej pracy ga\u017anika i niezawodno\u015bci w wyczynowych zastosowaniach wy\u015bcigowych. Posiada homologacj\u0119 CIK-FIA i jest ewolucj\u0105 poprzednich modeli POWER i NITRO, obejmuj\u0105c\u0105 zaawansowane badania przep\u0142ywu powietrza CFD w celu optymalizacji przep\u0142ywu powietrza we wszystkich warunkach pracy.<\/p>\n<p>Rezultatem jest uk\u0142ad dolotowy, kt\u00f3ry zapewnia szybk\u0105 reakcj\u0119 przepustnicy, lepsz\u0105 wydajno\u015b\u0107 silnika i bardziej stabiln\u0105 prac\u0119 ga\u017anika, nawet w najbardziej wymagaj\u0105cych warunkach wy\u015bcigowych.<\/p>\n<p>BOOSTER KG jest dostarczany w komplecie ze wszystkimi niezb\u0119dnymi elementami monta\u017cowymi, zapewniaj\u0105c \u0142atw\u0105 i wszechstronn\u0105 instalacj\u0119 na r\u00f3\u017cnych konfiguracjach podwozia i ga\u017anika.<\/p>\n<p>Zawarto\u015b\u0107 opakowania<br \/>\nPodw\u00f3jne gumowe z\u0142\u0105cza: proste i k\u0105towe<br \/>\nZacisk monta\u017cowy ga\u017anika<br \/>\nWspornik monta\u017cowy podwozia<br \/>\nZestaw os\u0142ony filtra przeciwdeszczowego<\/p>\n<p>BOOSTER KG zosta\u0142 specjalnie zaprojektowany do silnik\u00f3w ze skrzyni\u0105 bieg\u00f3w KZ.<\/p>","protected":false},"excerpt":{"rendered":"<p>T\u0142umik dolotowy BOOSTER KG to nowy filtr powietrza opracowany przez KG we wsp\u00f3\u0142pracy z SPRINT FILTER, zaprojektowany w celu zapewnienia maksymalnej wydajno\u015bci, stabilnego...<\/p>","protected":false},"featured_media":33520,"template":"","meta":[],"product_brand":[],"product_cat":[390,2333,645,858],"product_tag":[1625,2944,391,1633,1628,1629,1728,142,1344,2943,2945,81,392,2946,1632,1630,1631],"class_list":{"0":"post-33514","1":"product","2":"type-product","3":"status-publish","4":"has-post-thumbnail","6":"product_cat-filtre-vzduchu","7":"product_cat-model-tm-kz-r1","8":"product_cat-nahradne-diely-na-motory","9":"product_cat-tm-racing-nahradne-diely-na-motory","10":"product_tag-aktivny-vzduchovy-filter","11":"product_tag-filter-kg","12":"product_tag-filter-vzduchu","13":"product_tag-filter-vzduchu-125cm","14":"product_tag-filter-vzduchu-ok","15":"product_tag-fioter-vzduchu-okj","16":"product_tag-kart-shop","17":"product_tag-karting","18":"product_tag-karting-shop","19":"product_tag-kg-nitro","20":"product_tag-kg-vzduchovy-filter","21":"product_tag-motokary","22":"product_tag-vzduchovy-filter","23":"product_tag-vzduchovy-filter-kg-nitro","24":"product_tag-vzduchovy-filter-kz","25":"product_tag-vzduchovy-filter-ok","26":"product_tag-vzduchovy-filter-okj","28":"first","29":"onbackorder","30":"taxable","31":"shipping-taxable","32":"purchasable","33":"product-type-simple","34":"customify-col","35":"product-has-gallery"},"aioseo_notices":[],"_links":{"self":[{"href":"https:\/\/motokary-karting.sk\/pl\/wp-json\/wp\/v2\/product\/33514","targetHints":{"allow":["GET"]}}],"collection":[{"href":"https:\/\/motokary-karting.sk\/pl\/wp-json\/wp\/v2\/product"}],"about":[{"href":"https:\/\/motokary-karting.sk\/pl\/wp-json\/wp\/v2\/types\/product"}],"wp:featuredmedia":[{"embeddable":true,"href":"https:\/\/motokary-karting.sk\/pl\/wp-json\/wp\/v2\/media\/33520"}],"wp:attachment":[{"href":"https:\/\/motokary-karting.sk\/pl\/wp-json\/wp\/v2\/media?parent=33514"}],"wp:term":[{"taxonomy":"product_brand","embeddable":true,"href":"https:\/\/motokary-karting.sk\/pl\/wp-json\/wp\/v2\/product_brand?post=33514"},{"taxonomy":"product_cat","embeddable":true,"href":"https:\/\/motokary-karting.sk\/pl\/wp-json\/wp\/v2\/product_cat?post=33514"},{"taxonomy":"product_tag","embeddable":true,"href":"https:\/\/motokary-karting.sk\/pl\/wp-json\/wp\/v2\/product_tag?post=33514"}],"curies":[{"name":"wp","href":"https:\/\/api.w.org\/{rel}","templated":true}]}}