{"id":33540,"date":"2026-03-19T16:20:42","date_gmt":"2026-03-19T16:20:42","guid":{"rendered":"https:\/\/motokary-karting.sk\/?post_type=product&#038;p=33540"},"modified":"2026-03-22T08:39:26","modified_gmt":"2026-03-22T08:39:26","slug":"motul-chain-cleaner-retazi","status":"publish","type":"product","link":"https:\/\/motokary-karting.sk\/pl\/produkt\/motul-chain-cleaner-cistic-retazi\/","title":{"rendered":"\u015arodek do czyszczenia \u0142a\u0144cucha Motul"},"content":{"rendered":"","protected":false},"excerpt":{"rendered":"","protected":false},"featured_media":33541,"template":"","meta":[],"product_brand":[],"product_cat":[2673,53],"product_tag":[142,1344,2625,81,928,2270],"class_list":{"0":"post-33540","1":"product","2":"type-product","3":"status-publish","4":"has-post-thumbnail","6":"product_cat-motul","7":"product_cat-olejeamaziva","8":"product_tag-karting","9":"product_tag-karting-shop","10":"product_tag-motokarovy-sprej-na-retaz","11":"product_tag-motokary","12":"product_tag-sprej-na-retaz","13":"product_tag-xeramic","15":"first","16":"instock","17":"taxable","18":"shipping-taxable","19":"purchasable","20":"product-type-simple","21":"customify-col"},"aioseo_notices":[],"_links":{"self":[{"href":"https:\/\/motokary-karting.sk\/pl\/wp-json\/wp\/v2\/product\/33540","targetHints":{"allow":["GET"]}}],"collection":[{"href":"https:\/\/motokary-karting.sk\/pl\/wp-json\/wp\/v2\/product"}],"about":[{"href":"https:\/\/motokary-karting.sk\/pl\/wp-json\/wp\/v2\/types\/product"}],"wp:featuredmedia":[{"embeddable":true,"href":"https:\/\/motokary-karting.sk\/pl\/wp-json\/wp\/v2\/media\/33541"}],"wp:attachment":[{"href":"https:\/\/motokary-karting.sk\/pl\/wp-json\/wp\/v2\/media?parent=33540"}],"wp:term":[{"taxonomy":"product_brand","embeddable":true,"href":"https:\/\/motokary-karting.sk\/pl\/wp-json\/wp\/v2\/product_brand?post=33540"},{"taxonomy":"product_cat","embeddable":true,"href":"https:\/\/motokary-karting.sk\/pl\/wp-json\/wp\/v2\/product_cat?post=33540"},{"taxonomy":"product_tag","embeddable":true,"href":"https:\/\/motokary-karting.sk\/pl\/wp-json\/wp\/v2\/product_tag?post=33540"}],"curies":[{"name":"wp","href":"https:\/\/api.w.org\/{rel}","templated":true}]}}