{"id":33634,"date":"2026-03-31T06:26:05","date_gmt":"2026-03-31T06:26:05","guid":{"rendered":"https:\/\/motokary-karting.sk\/?post_type=product&#038;p=33634"},"modified":"2026-04-14T09:52:25","modified_gmt":"2026-04-14T09:52:25","slug":"plyn-hamulcowy-xeramic-dot5-1-250ml","status":"publish","type":"product","link":"https:\/\/motokary-karting.sk\/pl\/produkt\/brzdova-kvapalina-xeramic-dot5-1-250ml\/","title":{"rendered":"P\u0142yn hamulcowy XERAMIC DOT5.1 250ml"},"content":{"rendered":"<p>P\u0142yn hamulcowy PM XERAMIC\u00ae DOT 5.1 zosta\u0142 opracowany do stosowania we wszystkich hydraulicznych uk\u0142adach hamulcowych i sprz\u0119g\u0142owych, w kt\u00f3rych wymagany jest p\u0142yn DOT 5.1.<\/p>\n<p>250 ml<\/p>","protected":false},"excerpt":{"rendered":"<p>P\u0142yn hamulcowy PM XERAMIC\u00ae DOT 5.1 zosta\u0142 opracowany do stosowania we wszystkich hydraulicznie sterowanych uk\u0142adach hamulcowych i sprz\u0119g\u0142owych, w kt\u00f3rych wymagany jest p\u0142yn DOT 5.1. 250\u2026<\/p>","protected":false},"featured_media":33635,"template":"","meta":[],"product_brand":[],"product_cat":[53,2624],"product_tag":[2180,2186,142,1344,954,34,81,924],"class_list":{"0":"post-33634","1":"product","2":"type-product","3":"status-publish","4":"has-post-thumbnail","6":"product_cat-olejeamaziva","7":"product_cat-xeramic-olejeamaziva","8":"product_tag-brzdova-kvapalina","9":"product_tag-brzdova-kvapalina-xps","10":"product_tag-karting","11":"product_tag-karting-shop","12":"product_tag-motokar","13":"product_tag-motokara","14":"product_tag-motokary","15":"product_tag-xps","17":"first","18":"instock","19":"taxable","20":"shipping-taxable","21":"purchasable","22":"product-type-simple","23":"customify-col"},"aioseo_notices":[],"_links":{"self":[{"href":"https:\/\/motokary-karting.sk\/pl\/wp-json\/wp\/v2\/product\/33634","targetHints":{"allow":["GET"]}}],"collection":[{"href":"https:\/\/motokary-karting.sk\/pl\/wp-json\/wp\/v2\/product"}],"about":[{"href":"https:\/\/motokary-karting.sk\/pl\/wp-json\/wp\/v2\/types\/product"}],"wp:featuredmedia":[{"embeddable":true,"href":"https:\/\/motokary-karting.sk\/pl\/wp-json\/wp\/v2\/media\/33635"}],"wp:attachment":[{"href":"https:\/\/motokary-karting.sk\/pl\/wp-json\/wp\/v2\/media?parent=33634"}],"wp:term":[{"taxonomy":"product_brand","embeddable":true,"href":"https:\/\/motokary-karting.sk\/pl\/wp-json\/wp\/v2\/product_brand?post=33634"},{"taxonomy":"product_cat","embeddable":true,"href":"https:\/\/motokary-karting.sk\/pl\/wp-json\/wp\/v2\/product_cat?post=33634"},{"taxonomy":"product_tag","embeddable":true,"href":"https:\/\/motokary-karting.sk\/pl\/wp-json\/wp\/v2\/product_tag?post=33634"}],"curies":[{"name":"wp","href":"https:\/\/api.w.org\/{rel}","templated":true}]}}