{"id":33666,"date":"2026-04-01T08:07:16","date_gmt":"2026-04-01T08:07:16","guid":{"rendered":"https:\/\/motokary-karting.sk\/?post_type=product&#038;p=33666"},"modified":"2026-04-21T07:17:54","modified_gmt":"2026-04-21T07:17:54","slug":"bengio-ochraniacz-zeber","status":"publish","type":"product","link":"https:\/\/motokary-karting.sk\/pl\/produkt\/bengio-bumper-rebrovy-chranic\/","title":{"rendered":"Bengio BUMPER ochraniacz \u017ceber"},"content":{"rendered":"<p>Przedstawiamy ochraniacze klatki piersiowej Bengio Bumper STD z nowym elastycznym paskiem mocuj\u0105cym!<\/p>\n<p>Ochrona boczna: potr\u00f3jna warstwa \u017cywicy szklanej z ochron\u0105 przed odpryskami zapewnia kaskowi wysok\u0105 wytrzyma\u0142o\u015b\u0107 i poch\u0142ania du\u017ce obci\u0105\u017cenia przy niskich cz\u0119stotliwo\u015bciach; podczas gdy wype\u0142nienie z gumy z grubej pianki o zamkni\u0119tych kom\u00f3rkach o grubo\u015bci 8 mm i g\u0119sto\u015bci 100 kg\/m\u00b3 zapewnia komfort poprzez izolacj\u0119 kierowcy od wibracji przy wysokich cz\u0119stotliwo\u015bciach.<\/p>\n<p>&nbsp;<\/p>","protected":false},"excerpt":{"rendered":"<p>Przedstawiamy ochraniacze klatki piersiowej Bengio Bumper STD z nowym elastycznym paskiem mocuj\u0105cym! Ochrona boczna: potr\u00f3jna warstwa \u017cywicy szklanej z ochron\u0105 przed odpryskami zapewnia kaskowi wysok\u0105 odporno\u015b\u0107\u2026<\/p>","protected":false},"featured_media":33732,"template":"","meta":[],"product_brand":[],"product_cat":[88,158,18],"product_tag":[2888,3479,3220,3480,3219,142,1344,81,720,2891,3481,1203],"class_list":{"0":"post-33666","1":"product","2":"type-product","3":"status-publish","4":"has-post-thumbnail","6":"product_cat-ochrana-rebier","7":"product_cat-tip-na-darcek","8":"product_cat-vybava-pretekara","9":"product_tag-bengio","10":"product_tag-bengio-bumper","11":"product_tag-bengio-chranic-rebier","12":"product_tag-chranic-bengio-bumper","13":"product_tag-chranic-rebier-bengio","14":"product_tag-karting","15":"product_tag-karting-shop","16":"product_tag-motokary","17":"product_tag-ochrana-rebier","18":"product_tag-rebrovy-chranic-bengio","19":"product_tag-rebrovy-chranic-bengio-bumper","20":"product_tag-rebrovy-chranic-na-motokary","22":"first","23":"onbackorder","24":"taxable","25":"shipping-taxable","26":"purchasable","27":"product-type-variable","28":"customify-col","29":"product-has-gallery"},"aioseo_notices":[],"_links":{"self":[{"href":"https:\/\/motokary-karting.sk\/pl\/wp-json\/wp\/v2\/product\/33666","targetHints":{"allow":["GET"]}}],"collection":[{"href":"https:\/\/motokary-karting.sk\/pl\/wp-json\/wp\/v2\/product"}],"about":[{"href":"https:\/\/motokary-karting.sk\/pl\/wp-json\/wp\/v2\/types\/product"}],"wp:featuredmedia":[{"embeddable":true,"href":"https:\/\/motokary-karting.sk\/pl\/wp-json\/wp\/v2\/media\/33732"}],"wp:attachment":[{"href":"https:\/\/motokary-karting.sk\/pl\/wp-json\/wp\/v2\/media?parent=33666"}],"wp:term":[{"taxonomy":"product_brand","embeddable":true,"href":"https:\/\/motokary-karting.sk\/pl\/wp-json\/wp\/v2\/product_brand?post=33666"},{"taxonomy":"product_cat","embeddable":true,"href":"https:\/\/motokary-karting.sk\/pl\/wp-json\/wp\/v2\/product_cat?post=33666"},{"taxonomy":"product_tag","embeddable":true,"href":"https:\/\/motokary-karting.sk\/pl\/wp-json\/wp\/v2\/product_tag?post=33666"}],"curies":[{"name":"wp","href":"https:\/\/api.w.org\/{rel}","templated":true}]}}