{"id":33738,"date":"2026-04-02T10:21:55","date_gmt":"2026-04-02T10:21:55","guid":{"rendered":"https:\/\/motokary-karting.sk\/?post_type=product&#038;p=33738"},"modified":"2026-04-02T10:24:03","modified_gmt":"2026-04-02T10:24:03","slug":"korektor-sily-hamowania","status":"publish","type":"product","link":"https:\/\/motokary-karting.sk\/pl\/produkt\/rozdelovac-brzdneho-ucinku\/","title":{"rendered":"Korektor si\u0142y hamowania"},"content":{"rendered":"<p>Regulator do precyzyjnego sterowania rozdzia\u0142em si\u0142y hamowania w zastosowaniach gokartowych. Umo\u017cliwia indywidualne ustawienie pomi\u0119dzy przedni\u0105 a tyln\u0105 osi\u0105, aby uzyska\u0107 optymaln\u0105 i kontrolowan\u0105 wydajno\u015b\u0107 hamowania. Idealny do precyzyjnego dostrajania w zale\u017cno\u015bci od warunk\u00f3w na torze i stylu jazdy.<\/p>","protected":false},"excerpt":{"rendered":"<p>Dostawa towar\u00f3w na zam\u00f3wienie w ci\u0105gu 7 dni<\/p>","protected":false},"featured_media":33739,"template":"","meta":[],"product_brand":[],"product_cat":[1559,302,1239,271,1550,173,77],"product_tag":[596,824,303,1560,142,81],"class_list":{"0":"post-33738","1":"product","2":"type-product","3":"status-publish","4":"has-post-thumbnail","6":"product_cat-brzdove-pumpy","7":"product_cat-brzdy-prislusenstvo","8":"product_cat-brzdy-prislusenstvo-pozicovna","9":"product_cat-nahradne-diely-na-podvozky","10":"product_cat-ostatne-brzdy-prislusenstvo","11":"product_cat-podvozky-nahradne-diely","12":"product_cat-rental-karting","13":"product_tag-brake","14":"product_tag-brake-pump","15":"product_tag-brzdova-pumpa","16":"product_tag-brzdovy-valec","17":"product_tag-karting","18":"product_tag-motokary","20":"first","21":"onbackorder","22":"taxable","23":"shipping-taxable","24":"purchasable","25":"product-type-simple","26":"customify-col"},"aioseo_notices":[],"_links":{"self":[{"href":"https:\/\/motokary-karting.sk\/pl\/wp-json\/wp\/v2\/product\/33738","targetHints":{"allow":["GET"]}}],"collection":[{"href":"https:\/\/motokary-karting.sk\/pl\/wp-json\/wp\/v2\/product"}],"about":[{"href":"https:\/\/motokary-karting.sk\/pl\/wp-json\/wp\/v2\/types\/product"}],"wp:featuredmedia":[{"embeddable":true,"href":"https:\/\/motokary-karting.sk\/pl\/wp-json\/wp\/v2\/media\/33739"}],"wp:attachment":[{"href":"https:\/\/motokary-karting.sk\/pl\/wp-json\/wp\/v2\/media?parent=33738"}],"wp:term":[{"taxonomy":"product_brand","embeddable":true,"href":"https:\/\/motokary-karting.sk\/pl\/wp-json\/wp\/v2\/product_brand?post=33738"},{"taxonomy":"product_cat","embeddable":true,"href":"https:\/\/motokary-karting.sk\/pl\/wp-json\/wp\/v2\/product_cat?post=33738"},{"taxonomy":"product_tag","embeddable":true,"href":"https:\/\/motokary-karting.sk\/pl\/wp-json\/wp\/v2\/product_tag?post=33738"}],"curies":[{"name":"wp","href":"https:\/\/api.w.org\/{rel}","templated":true}]}}