{"id":33752,"date":"2026-04-06T13:58:59","date_gmt":"2026-04-06T13:58:59","guid":{"rendered":"https:\/\/motokary-karting.sk\/?post_type=product&#038;p=33752"},"modified":"2026-04-06T14:01:01","modified_gmt":"2026-04-06T14:01:01","slug":"zestaw-laserowy-do-pomiaru-geometrii-kol-sniper-v2","status":"publish","type":"product","link":"https:\/\/motokary-karting.sk\/pl\/produkt\/laserova-sada-na-meranie-geometrie-kolies-sniper-v2\/","title":{"rendered":"Laserowy zestaw do pomiaru geometrii k\u00f3\u0142 SNIPER v2"},"content":{"rendered":"<p>Snajper V2<\/p>\n<p>Laserowy zestaw do ustawiania zbie\u017cno\u015bci z mocowaniem magnetycznym.<\/p>\n<p>Ten zestaw laserowy jest bardzo \u0142atwy i szybki w u\u017cyciu i pozwala na regulacj\u0119 zbie\u017cno\u015bci, rozbie\u017cno\u015bci (pochylenia) i k\u0105ta skr\u0119tu osi.<\/p>\n<p>Sk\u0142ada si\u0119 z 2 metalowych p\u0142yt z laserowym magnesem, baterii i instrukcji obs\u0142ugi.<\/p>\n<p>Niezb\u0119dne narz\u0119dzie dla tych, kt\u00f3rzy chc\u0105 szybko i z maksymaln\u0105 precyzj\u0105 ustawi\u0107 przedni trym.<\/p>\n<p>Nadaje si\u0119 do wszystkich gokart\u00f3w komercyjnych<\/p>","protected":false},"excerpt":{"rendered":"<p>Laserowy<\/p>","protected":false},"featured_media":33753,"template":"","meta":[],"product_brand":[],"product_cat":[3360,58],"product_tag":[583,142,584,81],"class_list":{"0":"post-33752","1":"product","2":"type-product","3":"status-publish","4":"has-post-thumbnail","6":"product_cat-ostatne-vybava-do-garaze","7":"product_cat-vybava-do-garaze","8":"product_tag-geometria","9":"product_tag-karting","10":"product_tag-laserova-geometria","11":"product_tag-motokary","13":"first","14":"onbackorder","15":"taxable","16":"shipping-taxable","17":"purchasable","18":"product-type-simple","19":"customify-col"},"aioseo_notices":[],"_links":{"self":[{"href":"https:\/\/motokary-karting.sk\/pl\/wp-json\/wp\/v2\/product\/33752","targetHints":{"allow":["GET"]}}],"collection":[{"href":"https:\/\/motokary-karting.sk\/pl\/wp-json\/wp\/v2\/product"}],"about":[{"href":"https:\/\/motokary-karting.sk\/pl\/wp-json\/wp\/v2\/types\/product"}],"wp:featuredmedia":[{"embeddable":true,"href":"https:\/\/motokary-karting.sk\/pl\/wp-json\/wp\/v2\/media\/33753"}],"wp:attachment":[{"href":"https:\/\/motokary-karting.sk\/pl\/wp-json\/wp\/v2\/media?parent=33752"}],"wp:term":[{"taxonomy":"product_brand","embeddable":true,"href":"https:\/\/motokary-karting.sk\/pl\/wp-json\/wp\/v2\/product_brand?post=33752"},{"taxonomy":"product_cat","embeddable":true,"href":"https:\/\/motokary-karting.sk\/pl\/wp-json\/wp\/v2\/product_cat?post=33752"},{"taxonomy":"product_tag","embeddable":true,"href":"https:\/\/motokary-karting.sk\/pl\/wp-json\/wp\/v2\/product_tag?post=33752"}],"curies":[{"name":"wp","href":"https:\/\/api.w.org\/{rel}","templated":true}]}}