{"id":33826,"date":"2026-04-13T06:53:11","date_gmt":"2026-04-13T06:53:11","guid":{"rendered":"https:\/\/motokary-karting.sk\/?post_type=product&#038;p=33826"},"modified":"2026-04-13T07:00:44","modified_gmt":"2026-04-13T07:00:44","slug":"omp-kask-gp-r-k","status":"publish","type":"product","link":"https:\/\/motokary-karting.sk\/pl\/produkt\/omp-prilba-gp-r-k\/","title":{"rendered":"Kask OMP GP-r K"},"content":{"rendered":"<p>Kask na gokarty typu full-face wykonany z materia\u0142u kompozytowego. Lekka skorupa, wysoka wentylacja dzi\u0119ki czterem wlotom powietrza na brodzie i o\u015bmiu otworom wentylacyjnym na g\u00f3rze. Standardowy rozmiar otworu na oczy, mi\u0119kkie wewn\u0119trzne komfortowe tkaniny zapewniaj\u0105ce maksymalny komfort noszenia; zapi\u0119cie typu podw\u00f3jne D.<br \/>\nFIA SNELL K-2020<\/p>","protected":false},"excerpt":{"rendered":"<p>Kask gokartowy typu full-face wykonany z materia\u0142u kompozytowego. Lekka skorupa, wysoka wentylacja dzi\u0119ki czterem wlotom powietrza na podbr\u00f3dku i o\u015bmiu otworom wentylacyjnym na g\u00f3rze. Standardowy rozmiar wizjera\u2026<\/p>","protected":false},"featured_media":33833,"template":"","meta":[],"product_brand":[],"product_cat":[2403,21,18],"product_tag":[1344,3314,954,3312,3313,3315,3311,3310],"class_list":{"0":"post-33826","1":"product","2":"type-product","3":"status-publish","4":"has-post-thumbnail","6":"product_cat-omp-prilby","7":"product_cat-prilby","8":"product_cat-vybava-pretekara","9":"product_tag-karting-shop","10":"product_tag-mokokarova-prilba-schuberth","11":"product_tag-motokar","12":"product_tag-prilba-schuberth","13":"product_tag-prilba-schuberth-karting","14":"product_tag-schuberth-ccarbon-helmet","15":"product_tag-schuberth-prilba","16":"product_tag-schuberth-prilba-sk1-carbon-karting","18":"first","19":"onbackorder","20":"taxable","21":"shipping-taxable","22":"purchasable","23":"product-type-variable","24":"customify-col"},"aioseo_notices":[],"_links":{"self":[{"href":"https:\/\/motokary-karting.sk\/pl\/wp-json\/wp\/v2\/product\/33826","targetHints":{"allow":["GET"]}}],"collection":[{"href":"https:\/\/motokary-karting.sk\/pl\/wp-json\/wp\/v2\/product"}],"about":[{"href":"https:\/\/motokary-karting.sk\/pl\/wp-json\/wp\/v2\/types\/product"}],"wp:featuredmedia":[{"embeddable":true,"href":"https:\/\/motokary-karting.sk\/pl\/wp-json\/wp\/v2\/media\/33833"}],"wp:attachment":[{"href":"https:\/\/motokary-karting.sk\/pl\/wp-json\/wp\/v2\/media?parent=33826"}],"wp:term":[{"taxonomy":"product_brand","embeddable":true,"href":"https:\/\/motokary-karting.sk\/pl\/wp-json\/wp\/v2\/product_brand?post=33826"},{"taxonomy":"product_cat","embeddable":true,"href":"https:\/\/motokary-karting.sk\/pl\/wp-json\/wp\/v2\/product_cat?post=33826"},{"taxonomy":"product_tag","embeddable":true,"href":"https:\/\/motokary-karting.sk\/pl\/wp-json\/wp\/v2\/product_tag?post=33826"}],"curies":[{"name":"wp","href":"https:\/\/api.w.org\/{rel}","templated":true}]}}