{"id":33853,"date":"2026-04-14T12:21:51","date_gmt":"2026-04-14T12:21:51","guid":{"rendered":"https:\/\/motokary-karting.sk\/?post_type=product&#038;p=33853"},"modified":"2026-04-14T12:31:23","modified_gmt":"2026-04-14T12:31:23","slug":"arai-nakladka-na-wizjer-arai-sk-6","status":"publish","type":"product","link":"https:\/\/motokary-karting.sk\/pl\/produkt\/arai-nahradne-plexi-na-arai-sk-6\/","title":{"rendered":"Arai zamienne szybki do Arai SK-6"},"content":{"rendered":"<p>Nowa, wysokiej jako\u015bci szyba lustrzana firmy ARAI HELMET Japan. Nawet po na\u0142o\u017ceniu pow\u0142oki, ta szyba przechodzi rygorystyczne testy bezpiecze\u0144stwa SNELL dla kask\u00f3w motocyklowych. Wysokiej jako\u015bci wielowarstwowa pow\u0142oka chroni przed promieniowaniem UV i zmniejsza przepuszczalno\u015b\u0107 \u015bwiat\u0142a.<\/p>\n<p>Wizjer jest kompatybilny z kaskami Arai GP-6RC, GP-6PED, GP-6S i SK-6.<\/p>\n<p>Rzeczywisty kolor wizjera mo\u017ce r\u00f3\u017cni\u0107 si\u0119 od przedstawionego na zdj\u0119ciu w zale\u017cno\u015bci od warunk\u00f3w o\u015bwietleniowych.<\/p>\n<p>Uwaga: Czysty widok jest szczeg\u00f3lnie wa\u017cny w sportach motorowych. Przy s\u0142abej widoczno\u015bci, takiej jak ciemno\u015b\u0107 i deszcz, \u015bwiat\u0142a drogowe znacznie odbijaj\u0105 si\u0119 od porysowanych wizjer\u00f3w. Aby zachowa\u0107 czysty widok i tym samym zwi\u0119kszy\u0107 bezpiecze\u0144stwo, kierowcom zaleca si\u0119 regularn\u0105 wymian\u0119 wizjer\u00f3w.<\/p>","protected":false},"excerpt":{"rendered":"<p>Nowa, wysokiej jako\u015bci lustrzana szyba firmy ARAI HELMET Japan. Nawet po na\u0142o\u017ceniu pow\u0142oki ta szyba przechodzi rygorystyczne testy bezpiecze\u0144stwa SNELL dla kask\u00f3w motocyklowych. Wysokiej jako\u015bci\u2026<\/p>","protected":false},"featured_media":33858,"template":"","meta":[],"product_brand":[],"product_cat":[2767,21,18],"product_tag":[1681,1687,1697,1684,1774,1773,1683,1695,1696,142,984,81,1771,1772,1775,981,1680,1682,1675,1679,1776],"class_list":{"0":"post-33853","1":"product","2":"type-product","3":"status-publish","4":"has-post-thumbnail","6":"product_cat-arai-prislusenstvo","7":"product_cat-prilby","8":"product_cat-vybava-pretekara","9":"product_tag-arai","10":"product_tag-arai-helmet-ck-6","11":"product_tag-arai-helmet-sk-6","12":"product_tag-arai-karting-helmt","13":"product_tag-arai-nahradne-plexi","14":"product_tag-arai-plexi-stit","15":"product_tag-arai-prilba","16":"product_tag-arai-sk-6","17":"product_tag-arai-sk6","18":"product_tag-karting","19":"product_tag-motokarova-prilba","20":"product_tag-motokary","21":"product_tag-nahradne-diely-na-prilbu-arai","22":"product_tag-nahradne-sroby-na-arai","23":"product_tag-plexi-arai","24":"product_tag-prilba-bell-rs-k","25":"product_tag-prilba-na-motokaru","26":"product_tag-prilby-arai","27":"product_tag-prilby-bell","28":"product_tag-prilby-na-motokary","29":"product_tag-vymenitelne-plexi-arai","31":"first","32":"onbackorder","33":"taxable","34":"shipping-taxable","35":"purchasable","36":"product-type-variable","37":"customify-col","38":"product-has-gallery"},"aioseo_notices":[],"_links":{"self":[{"href":"https:\/\/motokary-karting.sk\/pl\/wp-json\/wp\/v2\/product\/33853","targetHints":{"allow":["GET"]}}],"collection":[{"href":"https:\/\/motokary-karting.sk\/pl\/wp-json\/wp\/v2\/product"}],"about":[{"href":"https:\/\/motokary-karting.sk\/pl\/wp-json\/wp\/v2\/types\/product"}],"wp:featuredmedia":[{"embeddable":true,"href":"https:\/\/motokary-karting.sk\/pl\/wp-json\/wp\/v2\/media\/33858"}],"wp:attachment":[{"href":"https:\/\/motokary-karting.sk\/pl\/wp-json\/wp\/v2\/media?parent=33853"}],"wp:term":[{"taxonomy":"product_brand","embeddable":true,"href":"https:\/\/motokary-karting.sk\/pl\/wp-json\/wp\/v2\/product_brand?post=33853"},{"taxonomy":"product_cat","embeddable":true,"href":"https:\/\/motokary-karting.sk\/pl\/wp-json\/wp\/v2\/product_cat?post=33853"},{"taxonomy":"product_tag","embeddable":true,"href":"https:\/\/motokary-karting.sk\/pl\/wp-json\/wp\/v2\/product_tag?post=33853"}],"curies":[{"name":"wp","href":"https:\/\/api.w.org\/{rel}","templated":true}]}}