{"id":33943,"date":"2026-04-26T11:44:31","date_gmt":"2026-04-26T11:44:31","guid":{"rendered":"https:\/\/motokary-karting.sk\/?post_type=product&#038;p=33943"},"modified":"2026-04-26T11:49:55","modified_gmt":"2026-04-26T11:49:55","slug":"smar-castrol-high-temperature-grease-lmx-400g-do-smarowania-lozysk","status":"publish","type":"product","link":"https:\/\/motokary-karting.sk\/pl\/produkt\/castrol-high-temperature-grease-lmx-400g-na-mazanie-lozisk\/","title":{"rendered":"Smar Castrol High Temperature Grease (LMX) 400g \u2013 do smarowania \u0142o\u017cysk"},"content":{"rendered":"<p>To nie jest zwyk\u0142y smar.\u00a0<strong>Smar Castrol do wysokich temperatur<\/strong> przeznaczony jest do smarowania \u0142o\u017cysk \u015blizgowych i tocznych i jest idealnym wyborem do zastosowa\u0144 w samochodach wy\u015bcigowych i innych specjalistycznych zastosowaniach. Swoj\u0105 wyj\u0105tkow\u0105 jako\u015b\u0107 zawdzi\u0119cza <strong>Castrol High Temperature Grease speci\u00e1ln\u00ed<\/strong>\u00a0przeznaczonemu zastosowaniu, kt\u00f3re jest przeznaczone dla zastosowa\u0144 dzia\u0142aj\u0105cych w wy\u017cszych temperaturach ni\u017c pozwalaj\u0105 na to standardowe smary litowe.<\/p>\n<p>Szukasz wysokowydajnego smaru, kt\u00f3ry poradzi sobie nawet w najbardziej ekstremalnych warunkach?\u00a0<strong>Smar Castrol do wysokich temperatur<\/strong>\u00a0jest wyj\u0105tkuj\u0105cym smarem plastycznym, zaprojektowanym z my\u015bl\u0105 o doskona\u0142ym smarowaniu w szerokim zakresie temperatur i przy r\u00f3\u017cnych obci\u0105\u017ceniach roboczych. Jego wyj\u0105tkowa formu\u0142a opiera si\u0119 na wysokiej jako\u015bci oleju mineralnym, opatentowanej technologii zag\u0119szczacza i systemie specjalnie dobranych dodatk\u00f3w.<\/p>","protected":false},"excerpt":{"rendered":"<p>To nie jest zwyk\u0142y smar. Castrol High Temperature Grease jest przeznaczony do smarowania \u0142o\u017cysk \u015blizgowych i tocznych i jest idealnym wyborem zar\u00f3wno dla samochod\u00f3w wy\u015bcigowych, jak i\u2026<\/p>","protected":false},"featured_media":33944,"template":"","meta":[],"product_brand":[],"product_cat":[2673,53],"product_tag":[142,1344,2625,81,928,2270],"class_list":{"0":"post-33943","1":"product","2":"type-product","3":"status-publish","4":"has-post-thumbnail","6":"product_cat-motul","7":"product_cat-olejeamaziva","8":"product_tag-karting","9":"product_tag-karting-shop","10":"product_tag-motokarovy-sprej-na-retaz","11":"product_tag-motokary","12":"product_tag-sprej-na-retaz","13":"product_tag-xeramic","15":"first","16":"onbackorder","17":"taxable","18":"shipping-taxable","19":"purchasable","20":"product-type-simple","21":"customify-col"},"aioseo_notices":[],"_links":{"self":[{"href":"https:\/\/motokary-karting.sk\/pl\/wp-json\/wp\/v2\/product\/33943","targetHints":{"allow":["GET"]}}],"collection":[{"href":"https:\/\/motokary-karting.sk\/pl\/wp-json\/wp\/v2\/product"}],"about":[{"href":"https:\/\/motokary-karting.sk\/pl\/wp-json\/wp\/v2\/types\/product"}],"wp:featuredmedia":[{"embeddable":true,"href":"https:\/\/motokary-karting.sk\/pl\/wp-json\/wp\/v2\/media\/33944"}],"wp:attachment":[{"href":"https:\/\/motokary-karting.sk\/pl\/wp-json\/wp\/v2\/media?parent=33943"}],"wp:term":[{"taxonomy":"product_brand","embeddable":true,"href":"https:\/\/motokary-karting.sk\/pl\/wp-json\/wp\/v2\/product_brand?post=33943"},{"taxonomy":"product_cat","embeddable":true,"href":"https:\/\/motokary-karting.sk\/pl\/wp-json\/wp\/v2\/product_cat?post=33943"},{"taxonomy":"product_tag","embeddable":true,"href":"https:\/\/motokary-karting.sk\/pl\/wp-json\/wp\/v2\/product_tag?post=33943"}],"curies":[{"name":"wp","href":"https:\/\/api.w.org\/{rel}","templated":true}]}}