{"id":33946,"date":"2026-04-26T13:19:24","date_gmt":"2026-04-26T13:19:24","guid":{"rendered":"https:\/\/motokary-karting.sk\/?post_type=product&#038;p=33946"},"modified":"2026-04-26T13:32:31","modified_gmt":"2026-04-26T13:32:31","slug":"transponder-mylaps-tr2-z-ladowarka-i-uchwytem","status":"publish","type":"product","link":"https:\/\/motokary-karting.sk\/pl\/produkt\/transponder-mylaps-tr2-sada-s-nabijackou-a-drziakom\/","title":{"rendered":"Transponder MYLAPS TR2 \u2013 zestaw z \u0142adowark\u0105 i uchwytem"},"content":{"rendered":"<p>Transpondery MYLAPS oferuj\u0105 4 opcje zakupu i u\u017cytkowania transpondera:<\/p>\n<ol>\n<li>licencja na 1 rok<\/li>\n<li>licencja na 2 lata<\/li>\n<li>licencja na 5 lat<\/li>\n<li>nieograniczona czasowo licencja \u201cGO\u201d<\/li>\n<\/ol>\n<p>Oczywi\u015bcie, po wyga\u015bni\u0119ciu licencji mo\u017cesz wznowi\u0107 subskrypcj\u0119 online w dowolnym momencie.<\/p>","protected":false},"excerpt":{"rendered":"<p>Transpondery MYLAPS oferuj\u0105 4 opcje zakupu i u\u017cytkowania transpondera: licencja roczna licencja dwuletnia licencja pi\u0119cioletnia licencja bezterminowa \u201cGO\u201d\u2026<\/p>","protected":false},"featured_media":33948,"template":"","meta":[],"product_brand":[],"product_cat":[3361,335,158],"product_tag":[2903,2904,2906,2905,2902,142,1344,81],"class_list":{"0":"post-33946","1":"product","2":"type-product","3":"status-publish","4":"has-post-thumbnail","6":"product_cat-ostatne-telemetrieapristroje","7":"product_cat-telemetrieapristroje","8":"product_cat-tip-na-darcek","9":"product_tag-hodinometer","10":"product_tag-hodinometer-2takt","11":"product_tag-hodinometer-4takt","12":"product_tag-hodinometer-4taktz","13":"product_tag-hoodimer","14":"product_tag-karting","15":"product_tag-karting-shop","16":"product_tag-motokary","18":"first","19":"onbackorder","20":"taxable","21":"shipping-taxable","22":"purchasable","23":"product-type-variable","24":"customify-col","25":"product-has-gallery"},"aioseo_notices":[],"_links":{"self":[{"href":"https:\/\/motokary-karting.sk\/pl\/wp-json\/wp\/v2\/product\/33946","targetHints":{"allow":["GET"]}}],"collection":[{"href":"https:\/\/motokary-karting.sk\/pl\/wp-json\/wp\/v2\/product"}],"about":[{"href":"https:\/\/motokary-karting.sk\/pl\/wp-json\/wp\/v2\/types\/product"}],"wp:featuredmedia":[{"embeddable":true,"href":"https:\/\/motokary-karting.sk\/pl\/wp-json\/wp\/v2\/media\/33948"}],"wp:attachment":[{"href":"https:\/\/motokary-karting.sk\/pl\/wp-json\/wp\/v2\/media?parent=33946"}],"wp:term":[{"taxonomy":"product_brand","embeddable":true,"href":"https:\/\/motokary-karting.sk\/pl\/wp-json\/wp\/v2\/product_brand?post=33946"},{"taxonomy":"product_cat","embeddable":true,"href":"https:\/\/motokary-karting.sk\/pl\/wp-json\/wp\/v2\/product_cat?post=33946"},{"taxonomy":"product_tag","embeddable":true,"href":"https:\/\/motokary-karting.sk\/pl\/wp-json\/wp\/v2\/product_tag?post=33946"}],"curies":[{"name":"wp","href":"https:\/\/api.w.org\/{rel}","templated":true}]}}