{"id":33989,"date":"2026-04-29T06:55:45","date_gmt":"2026-04-29T06:55:45","guid":{"rendered":"https:\/\/motokary-karting.sk\/?post_type=product&#038;p=33989"},"modified":"2026-04-29T07:38:21","modified_gmt":"2026-04-29T07:38:21","slug":"kg-predny-panel-cik-fia-spodna-cast","status":"publish","type":"product","link":"https:\/\/motokary-karting.sk\/pl\/produkt\/kg-predny-panel-cik-fia-spodna-cast\/","title":{"rendered":"KG Przednia p\u0142yta CIK FIA \u2013 dolna cz\u0119\u015b\u0107"},"content":{"rendered":"<p>Przedni panel sk\u0142ada si\u0119 z 2 cz\u0119\u015bci, g\u00f3rnej i dolnej.<\/p>","protected":false},"excerpt":{"rendered":"<p>Przedni panel sk\u0142ada si\u0119 z 2 cz\u0119\u015bci, g\u00f3rnej i dolnej.<\/p>","protected":false},"featured_media":33987,"template":"","meta":[],"product_brand":[],"product_cat":[3466,271,184,3482],"product_tag":[142,3484,81,195,1259,3483,186,187],"class_list":{"0":"post-33989","1":"product","2":"type-product","3":"status-publish","4":"has-post-thumbnail","6":"product_cat-crg-kali-kart","7":"product_cat-nahradne-diely-na-podvozky","8":"product_cat-spojlery-prislusenstvo","9":"product_cat-spojlery-prislusenstvo-crg-kali-kart","10":"product_tag-karting","11":"product_tag-kg-predny-panel","12":"product_tag-motokary","13":"product_tag-panel","14":"product_tag-predny-panel","15":"product_tag-predny-panel-kg","16":"product_tag-spoiler","17":"product_tag-spojler","19":"first","20":"onbackorder","21":"taxable","22":"shipping-taxable","23":"purchasable","24":"product-type-simple","25":"customify-col"},"aioseo_notices":[],"_links":{"self":[{"href":"https:\/\/motokary-karting.sk\/pl\/wp-json\/wp\/v2\/product\/33989","targetHints":{"allow":["GET"]}}],"collection":[{"href":"https:\/\/motokary-karting.sk\/pl\/wp-json\/wp\/v2\/product"}],"about":[{"href":"https:\/\/motokary-karting.sk\/pl\/wp-json\/wp\/v2\/types\/product"}],"wp:featuredmedia":[{"embeddable":true,"href":"https:\/\/motokary-karting.sk\/pl\/wp-json\/wp\/v2\/media\/33987"}],"wp:attachment":[{"href":"https:\/\/motokary-karting.sk\/pl\/wp-json\/wp\/v2\/media?parent=33989"}],"wp:term":[{"taxonomy":"product_brand","embeddable":true,"href":"https:\/\/motokary-karting.sk\/pl\/wp-json\/wp\/v2\/product_brand?post=33989"},{"taxonomy":"product_cat","embeddable":true,"href":"https:\/\/motokary-karting.sk\/pl\/wp-json\/wp\/v2\/product_cat?post=33989"},{"taxonomy":"product_tag","embeddable":true,"href":"https:\/\/motokary-karting.sk\/pl\/wp-json\/wp\/v2\/product_tag?post=33989"}],"curies":[{"name":"wp","href":"https:\/\/api.w.org\/{rel}","templated":true}]}}