{"id":34051,"date":"2026-04-29T13:26:19","date_gmt":"2026-04-29T13:26:19","guid":{"rendered":"https:\/\/motokary-karting.sk\/?post_type=product&#038;p=34051"},"modified":"2026-04-29T13:32:50","modified_gmt":"2026-04-29T13:32:50","slug":"czchain-lancuch-219-pro-gold","status":"publish","type":"product","link":"https:\/\/motokary-karting.sk\/pl\/produkt\/czchain-retaz-219-pro-gold\/","title":{"rendered":"CZchain \u0142a\u0144cuch 219 Pro Gold"},"content":{"rendered":"<p>Niezawodny \u0142a\u0144cuch, kt\u00f3ry si\u0119 nie rozci\u0105ga, d\u0142ugo wytrzymuje i jest tego wart.<\/p>","protected":false},"excerpt":{"rendered":"<p>Niezawodny \u0142a\u0144cuch, kt\u00f3ry si\u0119 nie rozci\u0105ga, d\u0142ugo wytrzymuje i jest tego wart.<\/p>","protected":false},"featured_media":34061,"template":"","meta":[],"product_brand":[],"product_cat":[271,341],"product_tag":[389,617,616,142,1344,539,81,534,615,540,2399,2401,2400],"class_list":{"0":"post-34051","1":"product","2":"type-product","3":"status-publish","4":"has-post-thumbnail","6":"product_cat-nahradne-diely-na-podvozky","7":"product_cat-retaze-rozety-kryty-na-retaz","8":"product_tag-389","9":"product_tag-d-i-d","10":"product_tag-did","11":"product_tag-karting","12":"product_tag-karting-shop","13":"product_tag-motokarova-retaz","14":"product_tag-motokary","15":"product_tag-retaz","16":"product_tag-retaz-219","17":"product_tag-retaz-na-motokaru","18":"product_tag-retaz-na-rotax","19":"product_tag-rotax-original-retaz","20":"product_tag-rotax-retaz","22":"first","23":"onbackorder","24":"taxable","25":"shipping-taxable","26":"purchasable","27":"product-type-variable","28":"customify-col"},"aioseo_notices":[],"_links":{"self":[{"href":"https:\/\/motokary-karting.sk\/pl\/wp-json\/wp\/v2\/product\/34051","targetHints":{"allow":["GET"]}}],"collection":[{"href":"https:\/\/motokary-karting.sk\/pl\/wp-json\/wp\/v2\/product"}],"about":[{"href":"https:\/\/motokary-karting.sk\/pl\/wp-json\/wp\/v2\/types\/product"}],"wp:featuredmedia":[{"embeddable":true,"href":"https:\/\/motokary-karting.sk\/pl\/wp-json\/wp\/v2\/media\/34061"}],"wp:attachment":[{"href":"https:\/\/motokary-karting.sk\/pl\/wp-json\/wp\/v2\/media?parent=34051"}],"wp:term":[{"taxonomy":"product_brand","embeddable":true,"href":"https:\/\/motokary-karting.sk\/pl\/wp-json\/wp\/v2\/product_brand?post=34051"},{"taxonomy":"product_cat","embeddable":true,"href":"https:\/\/motokary-karting.sk\/pl\/wp-json\/wp\/v2\/product_cat?post=34051"},{"taxonomy":"product_tag","embeddable":true,"href":"https:\/\/motokary-karting.sk\/pl\/wp-json\/wp\/v2\/product_tag?post=34051"}],"curies":[{"name":"wp","href":"https:\/\/api.w.org\/{rel}","templated":true}]}}