{"id":34142,"date":"2026-05-05T14:36:05","date_gmt":"2026-05-05T14:36:05","guid":{"rendered":"https:\/\/motokary-karting.sk\/?post_type=product&#038;p=34142"},"modified":"2026-05-06T11:21:52","modified_gmt":"2026-05-06T11:21:52","slug":"matica-m14-na-prednu-poloos-samoistiaca-sada-2ks","status":"publish","type":"product","link":"https:\/\/motokary-karting.sk\/pl\/produkt\/matica-m14-na-prednu-poloos-samoistiaca-sada-2ks\/","title":{"rendered":"Przek\u0142adnia samohamowna na przedni\u0105 p\u00f3\u0142o\u015b - M14 | ZESTAW 2 szt."},"content":{"rendered":"<p>Klucz nasadowy nr 22<\/p>","protected":false},"excerpt":{"rendered":"<p>Klucz nasadowy nr 22<\/p>","protected":false},"featured_media":34143,"template":"","meta":[],"product_brand":[],"product_cat":[209,3472,271,1464,1465],"product_tag":[142,1344,2135,2192,81],"class_list":{"0":"post-34142","1":"product","2":"type-product","3":"status-publish","4":"has-post-thumbnail","6":"product_cat-disky-prislusenstvo","7":"product_cat-disky-prislusenstvo-crg-kali-kart","8":"product_cat-nahradne-diely-na-podvozky","9":"product_cat-predne","10":"product_cat-zadne","11":"product_tag-karting","12":"product_tag-karting-shop","13":"product_tag-matica-m8","14":"product_tag-matica-na-kolesa","15":"product_tag-motokary","17":"first","18":"instock","19":"taxable","20":"shipping-taxable","21":"purchasable","22":"product-type-simple","23":"customify-col"},"aioseo_notices":[],"_links":{"self":[{"href":"https:\/\/motokary-karting.sk\/pl\/wp-json\/wp\/v2\/product\/34142","targetHints":{"allow":["GET"]}}],"collection":[{"href":"https:\/\/motokary-karting.sk\/pl\/wp-json\/wp\/v2\/product"}],"about":[{"href":"https:\/\/motokary-karting.sk\/pl\/wp-json\/wp\/v2\/types\/product"}],"wp:featuredmedia":[{"embeddable":true,"href":"https:\/\/motokary-karting.sk\/pl\/wp-json\/wp\/v2\/media\/34143"}],"wp:attachment":[{"href":"https:\/\/motokary-karting.sk\/pl\/wp-json\/wp\/v2\/media?parent=34142"}],"wp:term":[{"taxonomy":"product_brand","embeddable":true,"href":"https:\/\/motokary-karting.sk\/pl\/wp-json\/wp\/v2\/product_brand?post=34142"},{"taxonomy":"product_cat","embeddable":true,"href":"https:\/\/motokary-karting.sk\/pl\/wp-json\/wp\/v2\/product_cat?post=34142"},{"taxonomy":"product_tag","embeddable":true,"href":"https:\/\/motokary-karting.sk\/pl\/wp-json\/wp\/v2\/product_tag?post=34142"}],"curies":[{"name":"wp","href":"https:\/\/api.w.org\/{rel}","templated":true}]}}