{"id":34155,"date":"2026-05-09T06:40:13","date_gmt":"2026-05-09T06:40:13","guid":{"rendered":"https:\/\/motokary-karting.sk\/?post_type=product&#038;p=34155"},"modified":"2026-05-11T17:21:24","modified_gmt":"2026-05-11T17:21:24","slug":"gumowa-podkladka-antywibracyjna-pod-sruby-podlogowe-zestaw-2-szt","status":"publish","type":"product","link":"https:\/\/motokary-karting.sk\/pl\/produkt\/gumicka-skrutky-podlahy-antivibracna-sada-2ks\/","title":{"rendered":"Gumka \u015bruby pod\u0142ogowej antywibracyjna | Zestaw 2 szt."},"content":{"rendered":"<p>Wk\u0142adana jest mi\u0119dzy pod\u0142og\u0119 a mocowanie pod\u0142ogi jako element t\u0142umi\u0105cy drgania.<\/p>","protected":false},"excerpt":{"rendered":"<p>Wk\u0142adana jest mi\u0119dzy pod\u0142og\u0119 a mocowanie pod\u0142ogi jako element t\u0142umi\u0105cy drgania.<\/p>","protected":false},"featured_media":34158,"template":"","meta":[],"product_brand":[],"product_cat":[271,276],"product_tag":[246,142,1344,2657,34,81,2749,2747,2748],"class_list":{"0":"post-34155","1":"product","2":"type-product","3":"status-publish","4":"has-post-thumbnail","6":"product_cat-nahradne-diely-na-podvozky","7":"product_cat-ostatne","8":"product_tag-kart","9":"product_tag-karting","10":"product_tag-karting-shop","11":"product_tag-karting-shop-pezinok","12":"product_tag-motokara","13":"product_tag-motokary","14":"product_tag-ochrana-na-ram","15":"product_tag-ochrana-ramu","16":"product_tag-ochrana-ramu-motokary","18":"first","19":"instock","20":"taxable","21":"shipping-taxable","22":"purchasable","23":"product-type-simple","24":"customify-col"},"aioseo_notices":[],"_links":{"self":[{"href":"https:\/\/motokary-karting.sk\/pl\/wp-json\/wp\/v2\/product\/34155","targetHints":{"allow":["GET"]}}],"collection":[{"href":"https:\/\/motokary-karting.sk\/pl\/wp-json\/wp\/v2\/product"}],"about":[{"href":"https:\/\/motokary-karting.sk\/pl\/wp-json\/wp\/v2\/types\/product"}],"wp:featuredmedia":[{"embeddable":true,"href":"https:\/\/motokary-karting.sk\/pl\/wp-json\/wp\/v2\/media\/34158"}],"wp:attachment":[{"href":"https:\/\/motokary-karting.sk\/pl\/wp-json\/wp\/v2\/media?parent=34155"}],"wp:term":[{"taxonomy":"product_brand","embeddable":true,"href":"https:\/\/motokary-karting.sk\/pl\/wp-json\/wp\/v2\/product_brand?post=34155"},{"taxonomy":"product_cat","embeddable":true,"href":"https:\/\/motokary-karting.sk\/pl\/wp-json\/wp\/v2\/product_cat?post=34155"},{"taxonomy":"product_tag","embeddable":true,"href":"https:\/\/motokary-karting.sk\/pl\/wp-json\/wp\/v2\/product_tag?post=34155"}],"curies":[{"name":"wp","href":"https:\/\/api.w.org\/{rel}","templated":true}]}}