{"id":3539,"date":"2020-09-03T10:17:56","date_gmt":"2020-09-03T10:17:56","guid":{"rendered":"https:\/\/motokary-karting.sk\/?post_type=product&#038;p=3539"},"modified":"2026-04-27T05:52:48","modified_gmt":"2026-04-27T05:52:48","slug":"kombinezon-dla-zoltodziobow-sparco","status":"publish","type":"product","link":"https:\/\/motokary-karting.sk\/pl\/produkt\/sparco-rookie-kombineza\/","title":{"rendered":"Kombinezon Sparco ROOKIE"},"content":{"rendered":"<p>Opracowany specjalnie do wy\u015bcig\u00f3w, w kt\u00f3rych homologacja nie jest konieczna. Sportowy design kombinezonu kartingowego Sparco ROOKIE zosta\u0142 zainspirowany homologowanym kombinezonem kartingowym CIK-FIA THUNDER. Kontrastuj\u0105ce aplikacje - w po\u0142\u0105czeniu z kontrastuj\u0105cymi kolorystycznie pagonami - nadaj\u0105 kombinezonowi nowoczesny i sportowy wygl\u0105d. Typowe dla sport\u00f3w motorowych mankiety na ramionach i nogawkach zapewniaj\u0105 stylowe wyko\u0144czenie. Perforowana warstwa wewn\u0119trzna zapewnia optymaln\u0105 wentylacj\u0119 i zwi\u0119ksza komfort noszenia.<\/p>","protected":false},"excerpt":{"rendered":"<p>Opracowany specjalnie do wy\u015bcig\u00f3w, w kt\u00f3rych homologacja nie jest konieczna. Sportowy design kombinezonu kartingowego Sparco ROOKIE zosta\u0142 zainspirowany homologowanym kombinezonem kartingowym CIK-FIA THUNDER. Kontrastuj\u0105ce aplikacje...<\/p>","protected":false},"featured_media":3540,"template":"","meta":[],"product_brand":[],"product_cat":[22,98,18],"product_tag":[1728,142,1344,482,1042,81,1044,26,1043,1833,1041,1755],"class_list":{"0":"post-3539","1":"product","2":"type-product","3":"status-publish","4":"has-post-thumbnail","6":"product_cat-kombinezy","7":"product_cat-sparco-kombinezy","8":"product_cat-vybava-pretekara","9":"product_tag-kart-shop","10":"product_tag-karting","11":"product_tag-karting-shop","12":"product_tag-kombineza-na-motokary","13":"product_tag-kombineza-sparco","14":"product_tag-motokary","15":"product_tag-rookie","16":"product_tag-sparco","17":"product_tag-sparco-kombineza","18":"product_tag-sparco-kombineza-rookie","19":"product_tag-sparco-rookie","20":"product_tag-sparco-shop","22":"first","23":"instock","24":"taxable","25":"shipping-taxable","26":"purchasable","27":"product-type-variable","28":"customify-col","29":"product-has-gallery"},"aioseo_notices":[],"_links":{"self":[{"href":"https:\/\/motokary-karting.sk\/pl\/wp-json\/wp\/v2\/product\/3539","targetHints":{"allow":["GET"]}}],"collection":[{"href":"https:\/\/motokary-karting.sk\/pl\/wp-json\/wp\/v2\/product"}],"about":[{"href":"https:\/\/motokary-karting.sk\/pl\/wp-json\/wp\/v2\/types\/product"}],"wp:featuredmedia":[{"embeddable":true,"href":"https:\/\/motokary-karting.sk\/pl\/wp-json\/wp\/v2\/media\/3540"}],"wp:attachment":[{"href":"https:\/\/motokary-karting.sk\/pl\/wp-json\/wp\/v2\/media?parent=3539"}],"wp:term":[{"taxonomy":"product_brand","embeddable":true,"href":"https:\/\/motokary-karting.sk\/pl\/wp-json\/wp\/v2\/product_brand?post=3539"},{"taxonomy":"product_cat","embeddable":true,"href":"https:\/\/motokary-karting.sk\/pl\/wp-json\/wp\/v2\/product_cat?post=3539"},{"taxonomy":"product_tag","embeddable":true,"href":"https:\/\/motokary-karting.sk\/pl\/wp-json\/wp\/v2\/product_tag?post=3539"}],"curies":[{"name":"wp","href":"https:\/\/api.w.org\/{rel}","templated":true}]}}