{"id":4037,"date":"2020-09-21T19:17:05","date_gmt":"2020-09-21T19:17:05","guid":{"rendered":"https:\/\/motokary-karting.sk\/?post_type=product&#038;p=4037"},"modified":"2025-08-29T14:19:00","modified_gmt":"2025-08-29T14:19:00","slug":"duro-rental-opona-przod-extra-hard-10-x-4-5-5-hf-242","status":"publish","type":"product","link":"https:\/\/motokary-karting.sk\/pl\/produkt\/duro-rental-tyre-predna-extra-hard-10-x-4-5-5-hf-242\/","title":{"rendered":"Wypo\u017cyczalnia opon DURO prz\u00f3d bardzo twardy 10 x 4.5-5 | HF-242 \u23b9 ZESTAW 2 szt."},"content":{"rendered":"<p>Wynajem opon gokartowych - do u\u017cytku wewn\u0105trz i na zewn\u0105trz.<\/p>\n<p>Opony gokartowe DURO = doskona\u0142e osi\u0105gi nawet przy niskich pr\u0119dko\u015bciach<br \/>\ntemperaturach zewn\u0119trznych. Idealny stosunek ceny do wydajno\u015bci i d\u0142uga \u017cywotno\u015b\u0107.<\/p>","protected":false},"excerpt":{"rendered":"<p>Opony do gokart\u00f3w na wynajem - do u\u017cytku wewn\u0105trz i na zewn\u0105trz. Opony gokartowe DURO = doskona\u0142e osi\u0105gi nawet w niskich temperaturach zewn\u0119trznych. Idealny stosunek ceny do...<\/p>","protected":false},"featured_media":13280,"template":"","meta":[],"product_brand":[],"product_cat":[1158,116,77],"product_tag":[1135,1138,81,1137,1139,115,1136],"class_list":{"0":"post-4037","1":"product","2":"type-product","3":"status-publish","4":"has-post-thumbnail","6":"product_cat-duro","7":"product_cat-hobby-pneu","8":"product_cat-rental-karting","9":"product_tag-duro","10":"product_tag-duro-do-pozicovne-motokar","11":"product_tag-motokary","12":"product_tag-pneu-do-pozicovne","13":"product_tag-pneu-duro","14":"product_tag-pneudopozicovnemotokar","15":"product_tag-pneumatika-duro","17":"first","18":"instock","19":"taxable","20":"shipping-taxable","21":"purchasable","22":"product-type-simple","23":"customify-col","24":"product-has-gallery"},"aioseo_notices":[],"_links":{"self":[{"href":"https:\/\/motokary-karting.sk\/pl\/wp-json\/wp\/v2\/product\/4037","targetHints":{"allow":["GET"]}}],"collection":[{"href":"https:\/\/motokary-karting.sk\/pl\/wp-json\/wp\/v2\/product"}],"about":[{"href":"https:\/\/motokary-karting.sk\/pl\/wp-json\/wp\/v2\/types\/product"}],"wp:featuredmedia":[{"embeddable":true,"href":"https:\/\/motokary-karting.sk\/pl\/wp-json\/wp\/v2\/media\/13280"}],"wp:attachment":[{"href":"https:\/\/motokary-karting.sk\/pl\/wp-json\/wp\/v2\/media?parent=4037"}],"wp:term":[{"taxonomy":"product_brand","embeddable":true,"href":"https:\/\/motokary-karting.sk\/pl\/wp-json\/wp\/v2\/product_brand?post=4037"},{"taxonomy":"product_cat","embeddable":true,"href":"https:\/\/motokary-karting.sk\/pl\/wp-json\/wp\/v2\/product_cat?post=4037"},{"taxonomy":"product_tag","embeddable":true,"href":"https:\/\/motokary-karting.sk\/pl\/wp-json\/wp\/v2\/product_tag?post=4037"}],"curies":[{"name":"wp","href":"https:\/\/api.w.org\/{rel}","templated":true}]}}