{"id":4039,"date":"2020-09-21T19:19:23","date_gmt":"2020-09-21T19:19:23","guid":{"rendered":"https:\/\/motokary-karting.sk\/?post_type=product&#038;p=4039"},"modified":"2026-01-02T11:57:32","modified_gmt":"2026-01-02T11:57:32","slug":"duro-rental-opona-tylna-wysoka-11x7-1-5-hf-242b-high","status":"publish","type":"product","link":"https:\/\/motokary-karting.sk\/pl\/produkt\/duro-rental-tyre-zadna-high-11x7-1-5-hf-242b-vysoka\/","title":{"rendered":"Tylna opona do wypo\u017cyczalni DURO -HIGH- 11\u00d77.1 -5 | HF-242B \/high\/ | SET of 2"},"content":{"rendered":"<p>Wynajem opon gokartowych - do u\u017cytku wewn\u0105trz i na zewn\u0105trz.<\/p>\n<p>\u201eWysokie\u201c opony do gokart\u00f3w DURO s\u0105 teraz dost\u0119pne na przedni\u0105 i tyln\u0105 o\u015b<br \/>\ndo wypo\u017cyczania gokart\u00f3w. Nadaje si\u0119 na nier\u00f3wne drogi lub drogi z wysokimi kraw\u0119\u017cnikami.<br \/>\nPodwozie, tarcze hamulcowe, \u0142a\u0144cuch lub ko\u0142a z\u0119bate maj\u0105 teraz o 5 mm wi\u0119ksz\u0105 odleg\u0142o\u015b\u0107 od pod\u0142o\u017ca, co zmniejsza kontakt. Chroni materia\u0142 bez utraty wydajno\u015bci.<\/p>\n<p>Opony gokartowe DURO = doskona\u0142e osi\u0105gi<br \/>\nnawet przy niskich temperaturach zewn\u0119trznych.<\/p>\n<p>Idealny stosunek ceny do wydajno\u015bci i d\u0142uga \u017cywotno\u015b\u0107.<\/p>","protected":false},"excerpt":{"rendered":"<p>Opony gokartowe do wypo\u017cyczenia - do u\u017cytku wewn\u0105trz i na zewn\u0105trz. \u201eWysoka\u201c opona gokartowa DURO jest teraz dost\u0119pna na przedni\u0105 i tyln\u0105 o\u015b....<\/p>","protected":false},"featured_media":13277,"template":"","meta":[],"product_brand":[],"product_cat":[1158,116,77],"product_tag":[1135,1138,81,1137,1139,115,1136],"class_list":{"0":"post-4039","1":"product","2":"type-product","3":"status-publish","4":"has-post-thumbnail","6":"product_cat-duro","7":"product_cat-hobby-pneu","8":"product_cat-rental-karting","9":"product_tag-duro","10":"product_tag-duro-do-pozicovne-motokar","11":"product_tag-motokary","12":"product_tag-pneu-do-pozicovne","13":"product_tag-pneu-duro","14":"product_tag-pneudopozicovnemotokar","15":"product_tag-pneumatika-duro","17":"first","18":"onbackorder","19":"taxable","20":"shipping-taxable","21":"purchasable","22":"product-type-simple","23":"customify-col","24":"product-has-gallery"},"aioseo_notices":[],"_links":{"self":[{"href":"https:\/\/motokary-karting.sk\/pl\/wp-json\/wp\/v2\/product\/4039","targetHints":{"allow":["GET"]}}],"collection":[{"href":"https:\/\/motokary-karting.sk\/pl\/wp-json\/wp\/v2\/product"}],"about":[{"href":"https:\/\/motokary-karting.sk\/pl\/wp-json\/wp\/v2\/types\/product"}],"wp:featuredmedia":[{"embeddable":true,"href":"https:\/\/motokary-karting.sk\/pl\/wp-json\/wp\/v2\/media\/13277"}],"wp:attachment":[{"href":"https:\/\/motokary-karting.sk\/pl\/wp-json\/wp\/v2\/media?parent=4039"}],"wp:term":[{"taxonomy":"product_brand","embeddable":true,"href":"https:\/\/motokary-karting.sk\/pl\/wp-json\/wp\/v2\/product_brand?post=4039"},{"taxonomy":"product_cat","embeddable":true,"href":"https:\/\/motokary-karting.sk\/pl\/wp-json\/wp\/v2\/product_cat?post=4039"},{"taxonomy":"product_tag","embeddable":true,"href":"https:\/\/motokary-karting.sk\/pl\/wp-json\/wp\/v2\/product_tag?post=4039"}],"curies":[{"name":"wp","href":"https:\/\/api.w.org\/{rel}","templated":true}]}}