{"id":4050,"date":"2020-09-18T19:49:53","date_gmt":"2020-09-18T19:49:53","guid":{"rendered":"https:\/\/motokary-karting.sk\/?post_type=product&#038;p=4050"},"modified":"2026-03-30T10:55:54","modified_gmt":"2026-03-30T10:55:54","slug":"zawor-bezazotowy-do-tarczy","status":"publish","type":"product","link":"https:\/\/motokary-karting.sk\/pl\/produkt\/bezdusovy-ventil-do-disku\/","title":{"rendered":"Zaw\u00f3r bezd\u0119tkowy na tarcz\u0119"},"content":{"rendered":"","protected":false},"excerpt":{"rendered":"","protected":false},"featured_media":33595,"template":"","meta":[],"product_brand":[],"product_cat":[20,1142],"product_tag":[1147,142,81,1144,1143,1146,1145],"class_list":{"0":"post-4050","1":"product","2":"type-product","3":"status-publish","4":"has-post-thumbnail","6":"product_cat-pneumatiky","7":"product_cat-prislusenstvo-pneumatiky","8":"product_tag-bezdusovy-ventil","9":"product_tag-karting","10":"product_tag-motokary","11":"product_tag-pneu-ventil","12":"product_tag-venil","13":"product_tag-ventil-do-disku","14":"product_tag-vzduchovy-ventil","16":"first","17":"instock","18":"taxable","19":"shipping-taxable","20":"purchasable","21":"product-type-variable","22":"customify-col"},"aioseo_notices":[],"_links":{"self":[{"href":"https:\/\/motokary-karting.sk\/pl\/wp-json\/wp\/v2\/product\/4050","targetHints":{"allow":["GET"]}}],"collection":[{"href":"https:\/\/motokary-karting.sk\/pl\/wp-json\/wp\/v2\/product"}],"about":[{"href":"https:\/\/motokary-karting.sk\/pl\/wp-json\/wp\/v2\/types\/product"}],"wp:featuredmedia":[{"embeddable":true,"href":"https:\/\/motokary-karting.sk\/pl\/wp-json\/wp\/v2\/media\/33595"}],"wp:attachment":[{"href":"https:\/\/motokary-karting.sk\/pl\/wp-json\/wp\/v2\/media?parent=4050"}],"wp:term":[{"taxonomy":"product_brand","embeddable":true,"href":"https:\/\/motokary-karting.sk\/pl\/wp-json\/wp\/v2\/product_brand?post=4050"},{"taxonomy":"product_cat","embeddable":true,"href":"https:\/\/motokary-karting.sk\/pl\/wp-json\/wp\/v2\/product_cat?post=4050"},{"taxonomy":"product_tag","embeddable":true,"href":"https:\/\/motokary-karting.sk\/pl\/wp-json\/wp\/v2\/product_tag?post=4050"}],"curies":[{"name":"wp","href":"https:\/\/api.w.org\/{rel}","templated":true}]}}