{"id":4066,"date":"2021-12-01T13:21:28","date_gmt":"2021-12-01T13:21:28","guid":{"rendered":"https:\/\/motokary-karting.sk\/?post_type=product&#038;p=4066"},"modified":"2025-08-29T14:15:42","modified_gmt":"2025-08-29T14:15:42","slug":"mitas-rental-opona-srh-whitehard-10-x-4-50-5-przod","status":"publish","type":"product","link":"https:\/\/motokary-karting.sk\/pl\/produkt\/mitas-rental-tire-srh-whitehard-10-x-4-50-5-predna\/","title":{"rendered":"Opona do wypo\u017cyczalni Mitas SRH | bia\u0142a=twarda | 10 x 4.50 - 5 prz\u00f3d \u23ae ZESTAW 2 szt."},"content":{"rendered":"<p>Wynajem opon gokartowych - do u\u017cytku wewn\u0105trz i na zewn\u0105trz.<\/p>","protected":false},"excerpt":{"rendered":"<p>Wynajem opon gokartowych - do u\u017cytku wewn\u0105trz i na zewn\u0105trz.<\/p>","protected":false},"featured_media":13257,"template":"","meta":[],"product_brand":[],"product_cat":[116,1157,77],"product_tag":[142,114,1156,81,1137,1154,1155,115,290],"class_list":{"0":"post-4066","1":"product","2":"type-product","3":"status-publish","4":"has-post-thumbnail","6":"product_cat-hobby-pneu","7":"product_cat-mitas-pneumatiky-pozicovna","8":"product_cat-rental-karting","9":"product_tag-karting","10":"product_tag-mitas","11":"product_tag-mitas-pneu-do-pozicovne-motokar","12":"product_tag-motokary","13":"product_tag-pneu-do-pozicovne","14":"product_tag-pneu-do-pozicovne-motokar","15":"product_tag-pneu-mitas","16":"product_tag-pneudopozicovnemotokar","17":"product_tag-pozicovna-motokar","19":"first","20":"onbackorder","21":"taxable","22":"shipping-taxable","23":"purchasable","24":"product-type-simple","25":"customify-col","26":"product-has-gallery"},"aioseo_notices":[],"_links":{"self":[{"href":"https:\/\/motokary-karting.sk\/pl\/wp-json\/wp\/v2\/product\/4066","targetHints":{"allow":["GET"]}}],"collection":[{"href":"https:\/\/motokary-karting.sk\/pl\/wp-json\/wp\/v2\/product"}],"about":[{"href":"https:\/\/motokary-karting.sk\/pl\/wp-json\/wp\/v2\/types\/product"}],"wp:featuredmedia":[{"embeddable":true,"href":"https:\/\/motokary-karting.sk\/pl\/wp-json\/wp\/v2\/media\/13257"}],"wp:attachment":[{"href":"https:\/\/motokary-karting.sk\/pl\/wp-json\/wp\/v2\/media?parent=4066"}],"wp:term":[{"taxonomy":"product_brand","embeddable":true,"href":"https:\/\/motokary-karting.sk\/pl\/wp-json\/wp\/v2\/product_brand?post=4066"},{"taxonomy":"product_cat","embeddable":true,"href":"https:\/\/motokary-karting.sk\/pl\/wp-json\/wp\/v2\/product_cat?post=4066"},{"taxonomy":"product_tag","embeddable":true,"href":"https:\/\/motokary-karting.sk\/pl\/wp-json\/wp\/v2\/product_tag?post=4066"}],"curies":[{"name":"wp","href":"https:\/\/api.w.org\/{rel}","templated":true}]}}