{"id":4073,"date":"2020-09-18T20:27:19","date_gmt":"2020-09-18T20:27:19","guid":{"rendered":"https:\/\/motokary-karting.sk\/?post_type=product&#038;p=4073"},"modified":"2025-08-29T14:19:49","modified_gmt":"2025-08-29T14:19:49","slug":"mitas-rental-opona-srh-wbitehard-11-x-6-0-5","status":"publish","type":"product","link":"https:\/\/motokary-karting.sk\/pl\/produkt\/mitas-rental-tire-srh-wbitehard-11-x-6-0-5\/","title":{"rendered":"Opona do wypo\u017cyczalni Mitas SRH | wbite=hard | 11 x 6.0-5 \u23ae SET of 2"},"content":{"rendered":"<p>Wynajem opon gokartowych - do u\u017cytku wewn\u0105trz i na zewn\u0105trz.<\/p>","protected":false},"excerpt":{"rendered":"<p>Wynajem opon gokartowych - do u\u017cytku wewn\u0105trz i na zewn\u0105trz.<\/p>","protected":false},"featured_media":13376,"template":"","meta":[],"product_brand":[],"product_cat":[116,1157,77],"product_tag":[142,114,1156,81,1137,1154,1155,115,290],"class_list":{"0":"post-4073","1":"product","2":"type-product","3":"status-publish","4":"has-post-thumbnail","6":"product_cat-hobby-pneu","7":"product_cat-mitas-pneumatiky-pozicovna","8":"product_cat-rental-karting","9":"product_tag-karting","10":"product_tag-mitas","11":"product_tag-mitas-pneu-do-pozicovne-motokar","12":"product_tag-motokary","13":"product_tag-pneu-do-pozicovne","14":"product_tag-pneu-do-pozicovne-motokar","15":"product_tag-pneu-mitas","16":"product_tag-pneudopozicovnemotokar","17":"product_tag-pozicovna-motokar","19":"first","20":"onbackorder","21":"taxable","22":"shipping-taxable","23":"purchasable","24":"product-type-simple","25":"customify-col","26":"product-has-gallery"},"aioseo_notices":[],"_links":{"self":[{"href":"https:\/\/motokary-karting.sk\/pl\/wp-json\/wp\/v2\/product\/4073","targetHints":{"allow":["GET"]}}],"collection":[{"href":"https:\/\/motokary-karting.sk\/pl\/wp-json\/wp\/v2\/product"}],"about":[{"href":"https:\/\/motokary-karting.sk\/pl\/wp-json\/wp\/v2\/types\/product"}],"wp:featuredmedia":[{"embeddable":true,"href":"https:\/\/motokary-karting.sk\/pl\/wp-json\/wp\/v2\/media\/13376"}],"wp:attachment":[{"href":"https:\/\/motokary-karting.sk\/pl\/wp-json\/wp\/v2\/media?parent=4073"}],"wp:term":[{"taxonomy":"product_brand","embeddable":true,"href":"https:\/\/motokary-karting.sk\/pl\/wp-json\/wp\/v2\/product_brand?post=4073"},{"taxonomy":"product_cat","embeddable":true,"href":"https:\/\/motokary-karting.sk\/pl\/wp-json\/wp\/v2\/product_cat?post=4073"},{"taxonomy":"product_tag","embeddable":true,"href":"https:\/\/motokary-karting.sk\/pl\/wp-json\/wp\/v2\/product_tag?post=4073"}],"curies":[{"name":"wp","href":"https:\/\/api.w.org\/{rel}","templated":true}]}}