{"id":4135,"date":"2020-09-19T18:48:02","date_gmt":"2020-09-19T18:48:02","guid":{"rendered":"https:\/\/motokary-karting.sk\/?post_type=product&#038;p=4135"},"modified":"2022-01-07T20:29:47","modified_gmt":"2022-01-07T20:29:47","slug":"tarcza-sprzegla-cierna-oryginalna-honda-diel","status":"publish","type":"product","link":"https:\/\/motokary-karting.sk\/pl\/produkt\/disc-clutch-friction-original-honda-diel\/","title":{"rendered":"Tarcza cierna sprz\u0119g\u0142a - Oryginalna cz\u0119\u015b\u0107 Honda"},"content":{"rendered":"","protected":false},"excerpt":{"rendered":"<p>Dostawa w ci\u0105gu 7 dni<\/p>","protected":false},"featured_media":4137,"template":"","meta":[],"product_brand":[],"product_cat":[287,77,1161],"product_tag":[1200,142,81,293,290,1199,1192],"class_list":{"0":"post-4135","1":"product","2":"type-product","3":"status-publish","4":"has-post-thumbnail","6":"product_cat-motory-nahradne-diely","7":"product_cat-rental-karting","8":"product_cat-spojky-prislusenstvo","9":"product_tag-honda-nahradne-diely","10":"product_tag-karting","11":"product_tag-motokary","12":"product_tag-pozicovna","13":"product_tag-pozicovna-motokar","14":"product_tag-spojka-honda-gx","15":"product_tag-vyfuk-honda-390","17":"first","18":"onbackorder","19":"taxable","20":"shipping-taxable","21":"purchasable","22":"product-type-simple","23":"customify-col","24":"product-has-gallery"},"aioseo_notices":[],"_links":{"self":[{"href":"https:\/\/motokary-karting.sk\/pl\/wp-json\/wp\/v2\/product\/4135","targetHints":{"allow":["GET"]}}],"collection":[{"href":"https:\/\/motokary-karting.sk\/pl\/wp-json\/wp\/v2\/product"}],"about":[{"href":"https:\/\/motokary-karting.sk\/pl\/wp-json\/wp\/v2\/types\/product"}],"wp:featuredmedia":[{"embeddable":true,"href":"https:\/\/motokary-karting.sk\/pl\/wp-json\/wp\/v2\/media\/4137"}],"wp:attachment":[{"href":"https:\/\/motokary-karting.sk\/pl\/wp-json\/wp\/v2\/media?parent=4135"}],"wp:term":[{"taxonomy":"product_brand","embeddable":true,"href":"https:\/\/motokary-karting.sk\/pl\/wp-json\/wp\/v2\/product_brand?post=4135"},{"taxonomy":"product_cat","embeddable":true,"href":"https:\/\/motokary-karting.sk\/pl\/wp-json\/wp\/v2\/product_cat?post=4135"},{"taxonomy":"product_tag","embeddable":true,"href":"https:\/\/motokary-karting.sk\/pl\/wp-json\/wp\/v2\/product_tag?post=4135"}],"curies":[{"name":"wp","href":"https:\/\/api.w.org\/{rel}","templated":true}]}}