{"id":4214,"date":"2020-10-07T11:49:33","date_gmt":"2020-10-07T11:49:33","guid":{"rendered":"https:\/\/motokary-karting.sk\/?post_type=product&#038;p=4214"},"modified":"2026-03-08T16:47:13","modified_gmt":"2026-03-08T16:47:13","slug":"sparco-flexfit-siltovka","status":"publish","type":"product","link":"https:\/\/motokary-karting.sk\/pl\/produkt\/sparco-siltovka-flexfit\/","title":{"rendered":"Czapka Sparco Flexfit"},"content":{"rendered":"<p>Czapka jest wykonana z bardzo dobrej jako\u015bci materia\u0142u i idealnie dopasowuje si\u0119 do g\u0142owy dzi\u0119ki bezkresowemu systemowi Flexfit.<\/p>\n<p>&nbsp;<\/p>\n<p>Materi\u00e1l: 63% Polyester, 34% Baumwolle, 3% Spandex<\/p>","protected":false},"excerpt":{"rendered":"<p>Czapka jest wykonana z wysokiej jako\u015bci materia\u0142u i idealnie dopasowuje si\u0119 do g\u0142owy dzi\u0119ki systemowi Flexfit bez zapi\u0119cia.   63% Poliester, 34% Baumwolle, 3% Spandex<\/p>","protected":false},"featured_media":6362,"template":"","meta":[],"product_brand":[],"product_cat":[32,942,158],"product_tag":[142,947,81,945,944,26,946,943,1251],"class_list":{"0":"post-4214","1":"product","2":"type-product","3":"status-publish","4":"has-post-thumbnail","6":"product_cat-lifestyle-oblecenie-a-produkty-na-volny-cas","7":"product_cat-siltovky-a-ciapky","8":"product_cat-tip-na-darcek","9":"product_tag-karting","10":"product_tag-ksiltovka","11":"product_tag-motokary","12":"product_tag-predajna-sparco","13":"product_tag-siltovka-sparco","14":"product_tag-sparco","15":"product_tag-sparco-dealer","16":"product_tag-sparco-siltovka","17":"product_tag-sparco-siltovka-flexfit","19":"first","20":"onbackorder","21":"sale","22":"taxable","23":"shipping-taxable","24":"purchasable","25":"product-type-variable","26":"customify-col","27":"product-has-gallery"},"aioseo_notices":[],"_links":{"self":[{"href":"https:\/\/motokary-karting.sk\/pl\/wp-json\/wp\/v2\/product\/4214","targetHints":{"allow":["GET"]}}],"collection":[{"href":"https:\/\/motokary-karting.sk\/pl\/wp-json\/wp\/v2\/product"}],"about":[{"href":"https:\/\/motokary-karting.sk\/pl\/wp-json\/wp\/v2\/types\/product"}],"wp:featuredmedia":[{"embeddable":true,"href":"https:\/\/motokary-karting.sk\/pl\/wp-json\/wp\/v2\/media\/6362"}],"wp:attachment":[{"href":"https:\/\/motokary-karting.sk\/pl\/wp-json\/wp\/v2\/media?parent=4214"}],"wp:term":[{"taxonomy":"product_brand","embeddable":true,"href":"https:\/\/motokary-karting.sk\/pl\/wp-json\/wp\/v2\/product_brand?post=4214"},{"taxonomy":"product_cat","embeddable":true,"href":"https:\/\/motokary-karting.sk\/pl\/wp-json\/wp\/v2\/product_cat?post=4214"},{"taxonomy":"product_tag","embeddable":true,"href":"https:\/\/motokary-karting.sk\/pl\/wp-json\/wp\/v2\/product_tag?post=4214"}],"curies":[{"name":"wp","href":"https:\/\/api.w.org\/{rel}","templated":true}]}}