{"id":4370,"date":"2020-10-14T10:36:27","date_gmt":"2020-10-14T10:36:27","guid":{"rendered":"https:\/\/motokary-karting.sk\/?post_type=product&#038;p=4370"},"modified":"2023-12-06T12:18:59","modified_gmt":"2023-12-06T12:18:59","slug":"klin-dla-tylnej-osi-6-x-6-x-60-mm","status":"publish","type":"product","link":"https:\/\/motokary-karting.sk\/pl\/produkt\/klin-na-zadnu-os-6-x-6-x-60-mm\/","title":{"rendered":"Klin dla tylnej osi 6 x 6 x 60 mm"},"content":{"rendered":"","protected":false},"excerpt":{"rendered":"<p>Dostawa towar\u00f3w na zam\u00f3wienie w ci\u0105gu 7 dni<\/p>","protected":false},"featured_media":4368,"template":"","meta":[],"product_brand":[],"product_cat":[271,668,670,671,368],"product_tag":[1302,142,1300,751,752,753,308,34,81],"class_list":{"0":"post-4370","1":"product","2":"type-product","3":"status-publish","4":"has-post-thumbnail","6":"product_cat-nahradne-diely-na-podvozky","7":"product_cat-o-30mm-zadne-osi-prislusenstvo","8":"product_cat-o-40mm-zadne-osi-prislusenstvo","9":"product_cat-o-50mm-zadne-osi-prislusenstvo","10":"product_cat-zadne-osi-prislusenstvo","11":"product_tag-6-x-6-x-60-mm","12":"product_tag-karting","13":"product_tag-klin-na-zadnu-os","14":"product_tag-klinek","15":"product_tag-klinky","16":"product_tag-klinky-na-zadnu-os","17":"product_tag-kliny-na-zadnu-os","18":"product_tag-motokara","19":"product_tag-motokary","21":"first","22":"instock","23":"taxable","24":"shipping-taxable","25":"purchasable","26":"product-type-simple","27":"customify-col"},"aioseo_notices":[],"_links":{"self":[{"href":"https:\/\/motokary-karting.sk\/pl\/wp-json\/wp\/v2\/product\/4370","targetHints":{"allow":["GET"]}}],"collection":[{"href":"https:\/\/motokary-karting.sk\/pl\/wp-json\/wp\/v2\/product"}],"about":[{"href":"https:\/\/motokary-karting.sk\/pl\/wp-json\/wp\/v2\/types\/product"}],"wp:featuredmedia":[{"embeddable":true,"href":"https:\/\/motokary-karting.sk\/pl\/wp-json\/wp\/v2\/media\/4368"}],"wp:attachment":[{"href":"https:\/\/motokary-karting.sk\/pl\/wp-json\/wp\/v2\/media?parent=4370"}],"wp:term":[{"taxonomy":"product_brand","embeddable":true,"href":"https:\/\/motokary-karting.sk\/pl\/wp-json\/wp\/v2\/product_brand?post=4370"},{"taxonomy":"product_cat","embeddable":true,"href":"https:\/\/motokary-karting.sk\/pl\/wp-json\/wp\/v2\/product_cat?post=4370"},{"taxonomy":"product_tag","embeddable":true,"href":"https:\/\/motokary-karting.sk\/pl\/wp-json\/wp\/v2\/product_tag?post=4370"}],"curies":[{"name":"wp","href":"https:\/\/api.w.org\/{rel}","templated":true}]}}