{"id":4408,"date":"2020-10-15T11:29:01","date_gmt":"2020-10-15T11:29:01","guid":{"rendered":"https:\/\/motokary-karting.sk\/?post_type=product&#038;p=4408"},"modified":"2022-01-07T19:38:10","modified_gmt":"2022-01-07T19:38:10","slug":"rura-swiecy-ngk-lb-05-emh","status":"publish","type":"product","link":"https:\/\/motokary-karting.sk\/pl\/produkt\/fajka-na-sviecku-ngk-lb-05-emh\/","title":{"rendered":"NGK LB 05 EMH fajka \u015bwiecy"},"content":{"rendered":"","protected":false},"excerpt":{"rendered":"<p>Dostawa towar\u00f3w na zam\u00f3wienie w ci\u0105gu 7 dni<\/p>","protected":false},"featured_media":4411,"template":"","meta":[],"product_brand":[],"product_cat":[645,858,1311],"product_tag":[917,142,81,867,1317,1312,868],"class_list":{"0":"post-4408","1":"product","2":"type-product","3":"status-publish","4":"has-post-thumbnail","6":"product_cat-nahradne-diely-na-motory","7":"product_cat-tm-racing-nahradne-diely-na-motory","8":"product_cat-zapalovacie-sviecky","9":"product_tag-fajka-na-sviecku","10":"product_tag-karting","11":"product_tag-motokary","12":"product_tag-ngk","13":"product_tag-ngk-lb-05-emh","14":"product_tag-ngk-sviecka","15":"product_tag-sviecka-ngk","17":"first","18":"onbackorder","19":"taxable","20":"shipping-taxable","21":"purchasable","22":"product-type-simple","23":"customify-col","24":"product-has-gallery"},"aioseo_notices":[],"_links":{"self":[{"href":"https:\/\/motokary-karting.sk\/pl\/wp-json\/wp\/v2\/product\/4408","targetHints":{"allow":["GET"]}}],"collection":[{"href":"https:\/\/motokary-karting.sk\/pl\/wp-json\/wp\/v2\/product"}],"about":[{"href":"https:\/\/motokary-karting.sk\/pl\/wp-json\/wp\/v2\/types\/product"}],"wp:featuredmedia":[{"embeddable":true,"href":"https:\/\/motokary-karting.sk\/pl\/wp-json\/wp\/v2\/media\/4411"}],"wp:attachment":[{"href":"https:\/\/motokary-karting.sk\/pl\/wp-json\/wp\/v2\/media?parent=4408"}],"wp:term":[{"taxonomy":"product_brand","embeddable":true,"href":"https:\/\/motokary-karting.sk\/pl\/wp-json\/wp\/v2\/product_brand?post=4408"},{"taxonomy":"product_cat","embeddable":true,"href":"https:\/\/motokary-karting.sk\/pl\/wp-json\/wp\/v2\/product_cat?post=4408"},{"taxonomy":"product_tag","embeddable":true,"href":"https:\/\/motokary-karting.sk\/pl\/wp-json\/wp\/v2\/product_tag?post=4408"}],"curies":[{"name":"wp","href":"https:\/\/api.w.org\/{rel}","templated":true}]}}