{"id":4424,"date":"2020-10-15T12:16:30","date_gmt":"2020-10-15T12:16:30","guid":{"rendered":"https:\/\/motokary-karting.sk\/?post_type=product&#038;p=4424"},"modified":"2026-01-28T19:53:37","modified_gmt":"2026-01-28T19:53:37","slug":"narzedzie-blokujace-kierownice-do-regulacji-geometrii","status":"publish","type":"product","link":"https:\/\/motokary-karting.sk\/pl\/produkt\/nastroj-na-blokovanie-volantu-pre-nastavenie-geometrie\/","title":{"rendered":"Narz\u0119dzie blokuj\u0105ce kierownic\u0119 do regulacji geometrii"},"content":{"rendered":"","protected":false},"excerpt":{"rendered":"","protected":false},"featured_media":32034,"template":"","meta":[],"product_brand":[],"product_cat":[3360,3350,58],"product_tag":[1329,142,81,1330],"class_list":{"0":"post-4424","1":"product","2":"type-product","3":"status-publish","4":"has-post-thumbnail","6":"product_cat-ostatne-vybava-do-garaze","7":"product_cat-pripravky","8":"product_cat-vybava-do-garaze","9":"product_tag-blokovanie-volantu","10":"product_tag-karting","11":"product_tag-motokary","12":"product_tag-nastroj-na-blokovanie-volantu-pre-nastavenie-geometri","14":"first","15":"instock","16":"taxable","17":"shipping-taxable","18":"purchasable","19":"product-type-simple","20":"customify-col"},"aioseo_notices":[],"_links":{"self":[{"href":"https:\/\/motokary-karting.sk\/pl\/wp-json\/wp\/v2\/product\/4424","targetHints":{"allow":["GET"]}}],"collection":[{"href":"https:\/\/motokary-karting.sk\/pl\/wp-json\/wp\/v2\/product"}],"about":[{"href":"https:\/\/motokary-karting.sk\/pl\/wp-json\/wp\/v2\/types\/product"}],"wp:featuredmedia":[{"embeddable":true,"href":"https:\/\/motokary-karting.sk\/pl\/wp-json\/wp\/v2\/media\/32034"}],"wp:attachment":[{"href":"https:\/\/motokary-karting.sk\/pl\/wp-json\/wp\/v2\/media?parent=4424"}],"wp:term":[{"taxonomy":"product_brand","embeddable":true,"href":"https:\/\/motokary-karting.sk\/pl\/wp-json\/wp\/v2\/product_brand?post=4424"},{"taxonomy":"product_cat","embeddable":true,"href":"https:\/\/motokary-karting.sk\/pl\/wp-json\/wp\/v2\/product_cat?post=4424"},{"taxonomy":"product_tag","embeddable":true,"href":"https:\/\/motokary-karting.sk\/pl\/wp-json\/wp\/v2\/product_tag?post=4424"}],"curies":[{"name":"wp","href":"https:\/\/api.w.org\/{rel}","templated":true}]}}