{"id":4530,"date":"2020-10-25T22:12:21","date_gmt":"2020-10-25T22:12:21","guid":{"rendered":"https:\/\/motokary-karting.sk\/?post_type=product&#038;p=4530"},"modified":"2026-01-29T15:49:44","modified_gmt":"2026-01-29T15:49:44","slug":"zestaw-montazowy-do-zintegrowanej-oslony-lancucha","status":"publish","type":"product","link":"https:\/\/motokary-karting.sk\/pl\/produkt\/montazna-sada-na-kryt-retaze-integral\/","title":{"rendered":"Zintegrowany zestaw monta\u017cowy os\u0142ony \u0142a\u0144cucha"},"content":{"rendered":"","protected":false},"excerpt":{"rendered":"","protected":false},"featured_media":4531,"template":"","meta":[],"product_brand":[],"product_cat":[271,173,77,341],"product_tag":[142,1344,1343,314,34,81,1336],"class_list":{"0":"post-4530","1":"product","2":"type-product","3":"status-publish","4":"has-post-thumbnail","6":"product_cat-nahradne-diely-na-podvozky","7":"product_cat-podvozky-nahradne-diely","8":"product_cat-rental-karting","9":"product_cat-retaze-rozety-kryty-na-retaz","10":"product_tag-karting","11":"product_tag-karting-shop","12":"product_tag-kryt-na-retaz","13":"product_tag-kryt-retaze","14":"product_tag-motokara","15":"product_tag-motokary","16":"product_tag-nahradne-diely-na-motokary","18":"first","19":"instock","20":"taxable","21":"shipping-taxable","22":"purchasable","23":"product-type-simple","24":"customify-col"},"aioseo_notices":[],"_links":{"self":[{"href":"https:\/\/motokary-karting.sk\/pl\/wp-json\/wp\/v2\/product\/4530","targetHints":{"allow":["GET"]}}],"collection":[{"href":"https:\/\/motokary-karting.sk\/pl\/wp-json\/wp\/v2\/product"}],"about":[{"href":"https:\/\/motokary-karting.sk\/pl\/wp-json\/wp\/v2\/types\/product"}],"wp:featuredmedia":[{"embeddable":true,"href":"https:\/\/motokary-karting.sk\/pl\/wp-json\/wp\/v2\/media\/4531"}],"wp:attachment":[{"href":"https:\/\/motokary-karting.sk\/pl\/wp-json\/wp\/v2\/media?parent=4530"}],"wp:term":[{"taxonomy":"product_brand","embeddable":true,"href":"https:\/\/motokary-karting.sk\/pl\/wp-json\/wp\/v2\/product_brand?post=4530"},{"taxonomy":"product_cat","embeddable":true,"href":"https:\/\/motokary-karting.sk\/pl\/wp-json\/wp\/v2\/product_cat?post=4530"},{"taxonomy":"product_tag","embeddable":true,"href":"https:\/\/motokary-karting.sk\/pl\/wp-json\/wp\/v2\/product_tag?post=4530"}],"curies":[{"name":"wp","href":"https:\/\/api.w.org\/{rel}","templated":true}]}}