{"id":4593,"date":"2020-11-02T09:55:32","date_gmt":"2020-11-02T09:55:32","guid":{"rendered":"https:\/\/motokary-karting.sk\/?post_type=product&#038;p=4593"},"modified":"2026-04-14T09:50:32","modified_gmt":"2026-04-14T09:50:32","slug":"numer-startowy-0123456789-czarno-zlota-naklejka-160-x-70-mm","status":"publish","type":"product","link":"https:\/\/motokary-karting.sk\/pl\/produkt\/startove-cislo-0123456789-cierno-zlte-samolepka-160-x-70mm\/","title":{"rendered":"Numer startowy 0123456789 czarno-\u017c\u00f3\u0142ta naklejka 160 x 70 mm"},"content":{"rendered":"<p>Czarna czcionka \/ \u017c\u00f3\u0142te t\u0142o<\/p>\n<p>&nbsp;<\/p>\n<p>ABY ZAM\u00d3WI\u0106 NUMER \u201c9\u201d, NALE\u017bY ZAM\u00d3WI\u0106 NUMER \u201c6\u201d - JEST TO TA SAMA NAKLEJKA<\/p>","protected":false},"excerpt":{"rendered":"<p>Czarna czcionka \/ \u017c\u00f3\u0142te t\u0142o ABY ZAM\u00d3WI\u0106 NUMER \u201c9\u201d NALE\u017bY ZAM\u00d3WI\u0106 NUMER \u201c6\u201d - JEST TO SAMOLOT<\/p>","protected":false},"featured_media":4604,"template":"","meta":[],"product_brand":[],"product_cat":[271,276],"product_tag":[835,836,837,838,839,840,841,842,1372,142,1344,81,843,1371,1373,913,912,834,1370,914,1374],"class_list":{"0":"post-4593","1":"product","2":"type-product","3":"status-publish","4":"has-post-thumbnail","6":"product_cat-nahradne-diely-na-podvozky","7":"product_cat-ostatne","8":"product_tag-835","9":"product_tag-836","10":"product_tag-837","11":"product_tag-838","12":"product_tag-839","13":"product_tag-840","14":"product_tag-841","15":"product_tag-842","16":"product_tag-1372","17":"product_tag-karting","18":"product_tag-karting-shop","19":"product_tag-motokary","20":"product_tag-samolepka","21":"product_tag-samolepka-startove-cisla","22":"product_tag-samolepka-startove-cislo","23":"product_tag-start-nummer","24":"product_tag-starting-number","25":"product_tag-startove-cislo","26":"product_tag-startove-cislo-samolepka","27":"product_tag-startovni-cislo","28":"product_tag-zlte-startove-cislo","30":"first","31":"instock","32":"sale","33":"taxable","34":"shipping-taxable","35":"purchasable","36":"product-type-variable","37":"customify-col"},"aioseo_notices":[],"_links":{"self":[{"href":"https:\/\/motokary-karting.sk\/pl\/wp-json\/wp\/v2\/product\/4593","targetHints":{"allow":["GET"]}}],"collection":[{"href":"https:\/\/motokary-karting.sk\/pl\/wp-json\/wp\/v2\/product"}],"about":[{"href":"https:\/\/motokary-karting.sk\/pl\/wp-json\/wp\/v2\/types\/product"}],"wp:featuredmedia":[{"embeddable":true,"href":"https:\/\/motokary-karting.sk\/pl\/wp-json\/wp\/v2\/media\/4604"}],"wp:attachment":[{"href":"https:\/\/motokary-karting.sk\/pl\/wp-json\/wp\/v2\/media?parent=4593"}],"wp:term":[{"taxonomy":"product_brand","embeddable":true,"href":"https:\/\/motokary-karting.sk\/pl\/wp-json\/wp\/v2\/product_brand?post=4593"},{"taxonomy":"product_cat","embeddable":true,"href":"https:\/\/motokary-karting.sk\/pl\/wp-json\/wp\/v2\/product_cat?post=4593"},{"taxonomy":"product_tag","embeddable":true,"href":"https:\/\/motokary-karting.sk\/pl\/wp-json\/wp\/v2\/product_tag?post=4593"}],"curies":[{"name":"wp","href":"https:\/\/api.w.org\/{rel}","templated":true}]}}