{"id":4625,"date":"2020-11-03T09:58:39","date_gmt":"2020-11-03T09:58:39","guid":{"rendered":"https:\/\/motokary-karting.sk\/?post_type=product&#038;p=4625"},"modified":"2026-04-30T07:54:26","modified_gmt":"2026-04-30T07:54:26","slug":"plastikowy-stolik-pod-numerem-startowym-21-x-21-cm","status":"publish","type":"product","link":"https:\/\/motokary-karting.sk\/pl\/produkt\/plastova-tabulka-pod-startove-cislo-21-x-21-cm\/","title":{"rendered":"Plastov\u00e1 tabu\u013eka pod \u0161tartov\u00e9 \u010d\u00edslo 21 x 21 cm (vintage)"},"content":{"rendered":"<p>R\u00f3\u017cne kolory<\/p>","protected":false},"excerpt":{"rendered":"<p>R\u00f3\u017cne kolory<\/p>","protected":false},"featured_media":31682,"template":"","meta":[],"product_brand":[],"product_cat":[271,276],"product_tag":[142,81,1376,834,1375],"class_list":{"0":"post-4625","1":"product","2":"type-product","3":"status-publish","4":"has-post-thumbnail","6":"product_cat-nahradne-diely-na-podvozky","7":"product_cat-ostatne","8":"product_tag-karting","9":"product_tag-motokary","10":"product_tag-podlozka-pod-startove-cislo","11":"product_tag-startove-cislo","12":"product_tag-tabulka-pod-startove-cislo","14":"first","15":"onbackorder","16":"taxable","17":"shipping-taxable","18":"purchasable","19":"product-type-variable","20":"customify-col"},"aioseo_notices":[],"_links":{"self":[{"href":"https:\/\/motokary-karting.sk\/pl\/wp-json\/wp\/v2\/product\/4625","targetHints":{"allow":["GET"]}}],"collection":[{"href":"https:\/\/motokary-karting.sk\/pl\/wp-json\/wp\/v2\/product"}],"about":[{"href":"https:\/\/motokary-karting.sk\/pl\/wp-json\/wp\/v2\/types\/product"}],"wp:featuredmedia":[{"embeddable":true,"href":"https:\/\/motokary-karting.sk\/pl\/wp-json\/wp\/v2\/media\/31682"}],"wp:attachment":[{"href":"https:\/\/motokary-karting.sk\/pl\/wp-json\/wp\/v2\/media?parent=4625"}],"wp:term":[{"taxonomy":"product_brand","embeddable":true,"href":"https:\/\/motokary-karting.sk\/pl\/wp-json\/wp\/v2\/product_brand?post=4625"},{"taxonomy":"product_cat","embeddable":true,"href":"https:\/\/motokary-karting.sk\/pl\/wp-json\/wp\/v2\/product_cat?post=4625"},{"taxonomy":"product_tag","embeddable":true,"href":"https:\/\/motokary-karting.sk\/pl\/wp-json\/wp\/v2\/product_tag?post=4625"}],"curies":[{"name":"wp","href":"https:\/\/api.w.org\/{rel}","templated":true}]}}