{"id":4648,"date":"2020-11-03T11:48:23","date_gmt":"2020-11-03T11:48:23","guid":{"rendered":"https:\/\/motokary-karting.sk\/?post_type=product&#038;p=4648"},"modified":"2025-09-21T16:13:08","modified_gmt":"2025-09-21T16:13:08","slug":"zestaw-srub-i-podkladek-do-montazu-fotela","status":"publish","type":"product","link":"https:\/\/motokary-karting.sk\/pl\/produkt\/sada-skrutiek-a-podloziek-na-montaz-sedadla\/","title":{"rendered":"Zestaw \u015brub i podk\u0142adek do monta\u017cu fotela"},"content":{"rendered":"","protected":false},"excerpt":{"rendered":"","protected":false},"featured_media":4649,"template":"","meta":[],"product_brand":[],"product_cat":[271,366,279],"product_tag":[142,81,1384,1383],"class_list":{"0":"post-4648","1":"product","2":"type-product","3":"status-publish","4":"has-post-thumbnail","6":"product_cat-nahradne-diely-na-podvozky","7":"product_cat-prislusenstvo-k-sedadlam","8":"product_cat-sedadla-prislusenstvo","9":"product_tag-karting","10":"product_tag-motokary","11":"product_tag-sada-skrutiek-na-montaz-sedadla","12":"product_tag-sada-srobov-na-montaz-sedadla","14":"first","15":"onbackorder","16":"taxable","17":"shipping-taxable","18":"purchasable","19":"product-type-simple","20":"customify-col"},"aioseo_notices":[],"_links":{"self":[{"href":"https:\/\/motokary-karting.sk\/pl\/wp-json\/wp\/v2\/product\/4648","targetHints":{"allow":["GET"]}}],"collection":[{"href":"https:\/\/motokary-karting.sk\/pl\/wp-json\/wp\/v2\/product"}],"about":[{"href":"https:\/\/motokary-karting.sk\/pl\/wp-json\/wp\/v2\/types\/product"}],"wp:featuredmedia":[{"embeddable":true,"href":"https:\/\/motokary-karting.sk\/pl\/wp-json\/wp\/v2\/media\/4649"}],"wp:attachment":[{"href":"https:\/\/motokary-karting.sk\/pl\/wp-json\/wp\/v2\/media?parent=4648"}],"wp:term":[{"taxonomy":"product_brand","embeddable":true,"href":"https:\/\/motokary-karting.sk\/pl\/wp-json\/wp\/v2\/product_brand?post=4648"},{"taxonomy":"product_cat","embeddable":true,"href":"https:\/\/motokary-karting.sk\/pl\/wp-json\/wp\/v2\/product_cat?post=4648"},{"taxonomy":"product_tag","embeddable":true,"href":"https:\/\/motokary-karting.sk\/pl\/wp-json\/wp\/v2\/product_tag?post=4648"}],"curies":[{"name":"wp","href":"https:\/\/api.w.org\/{rel}","templated":true}]}}