{"id":4650,"date":"2020-11-03T11:52:18","date_gmt":"2020-11-03T11:52:18","guid":{"rendered":"https:\/\/motokary-karting.sk\/?post_type=product&#038;p=4650"},"modified":"2026-03-16T12:44:50","modified_gmt":"2026-03-16T12:44:50","slug":"sruba-montazowa-gniazda-m8-x-30-mm-zestaw-4-szt","status":"publish","type":"product","link":"https:\/\/motokary-karting.sk\/pl\/produkt\/skrutka-na-montaz-sedadla-m8-x-30-mm-sada-4ks\/","title":{"rendered":"\u015aruba monta\u017cowa gniazda M8 \u00d7 30 mm | ZESTAW 4 szt."},"content":{"rendered":"","protected":false},"excerpt":{"rendered":"","protected":false},"featured_media":4657,"template":"","meta":[],"product_brand":[],"product_cat":[271,366,279],"product_tag":[142,81,1384,1383,1385],"class_list":{"0":"post-4650","1":"product","2":"type-product","3":"status-publish","4":"has-post-thumbnail","6":"product_cat-nahradne-diely-na-podvozky","7":"product_cat-prislusenstvo-k-sedadlam","8":"product_cat-sedadla-prislusenstvo","9":"product_tag-karting","10":"product_tag-motokary","11":"product_tag-sada-skrutiek-na-montaz-sedadla","12":"product_tag-sada-srobov-na-montaz-sedadla","13":"product_tag-skrutka-na-montaz-sedadla","15":"first","16":"onbackorder","17":"taxable","18":"shipping-taxable","19":"purchasable","20":"product-type-simple","21":"customify-col"},"aioseo_notices":[],"_links":{"self":[{"href":"https:\/\/motokary-karting.sk\/pl\/wp-json\/wp\/v2\/product\/4650","targetHints":{"allow":["GET"]}}],"collection":[{"href":"https:\/\/motokary-karting.sk\/pl\/wp-json\/wp\/v2\/product"}],"about":[{"href":"https:\/\/motokary-karting.sk\/pl\/wp-json\/wp\/v2\/types\/product"}],"wp:featuredmedia":[{"embeddable":true,"href":"https:\/\/motokary-karting.sk\/pl\/wp-json\/wp\/v2\/media\/4657"}],"wp:attachment":[{"href":"https:\/\/motokary-karting.sk\/pl\/wp-json\/wp\/v2\/media?parent=4650"}],"wp:term":[{"taxonomy":"product_brand","embeddable":true,"href":"https:\/\/motokary-karting.sk\/pl\/wp-json\/wp\/v2\/product_brand?post=4650"},{"taxonomy":"product_cat","embeddable":true,"href":"https:\/\/motokary-karting.sk\/pl\/wp-json\/wp\/v2\/product_cat?post=4650"},{"taxonomy":"product_tag","embeddable":true,"href":"https:\/\/motokary-karting.sk\/pl\/wp-json\/wp\/v2\/product_tag?post=4650"}],"curies":[{"name":"wp","href":"https:\/\/api.w.org\/{rel}","templated":true}]}}