{"id":4658,"date":"2020-11-03T12:05:39","date_gmt":"2020-11-03T12:05:39","guid":{"rendered":"https:\/\/motokary-karting.sk\/?post_type=product&#038;p=4658"},"modified":"2025-09-13T13:23:29","modified_gmt":"2025-09-13T13:23:29","slug":"sruba-montazowa-gniazda-m8-x-25-mm-zestaw-2-szt","status":"publish","type":"product","link":"https:\/\/motokary-karting.sk\/pl\/produkt\/skrutka-na-montaz-sedadla-m8-x-25-mm-sada-2ks\/","title":{"rendered":"\u015aruba monta\u017cowa gniazda M8 \u00d7 25 mm | ZESTAW 2 szt."},"content":{"rendered":"","protected":false},"excerpt":{"rendered":"","protected":false},"featured_media":4659,"template":"","meta":[],"product_brand":[],"product_cat":[271,366,279],"product_tag":[142,81,1384,1383,1385],"class_list":{"0":"post-4658","1":"product","2":"type-product","3":"status-publish","4":"has-post-thumbnail","6":"product_cat-nahradne-diely-na-podvozky","7":"product_cat-prislusenstvo-k-sedadlam","8":"product_cat-sedadla-prislusenstvo","9":"product_tag-karting","10":"product_tag-motokary","11":"product_tag-sada-skrutiek-na-montaz-sedadla","12":"product_tag-sada-srobov-na-montaz-sedadla","13":"product_tag-skrutka-na-montaz-sedadla","15":"first","16":"onbackorder","17":"taxable","18":"shipping-taxable","19":"purchasable","20":"product-type-simple","21":"customify-col"},"aioseo_notices":[],"_links":{"self":[{"href":"https:\/\/motokary-karting.sk\/pl\/wp-json\/wp\/v2\/product\/4658","targetHints":{"allow":["GET"]}}],"collection":[{"href":"https:\/\/motokary-karting.sk\/pl\/wp-json\/wp\/v2\/product"}],"about":[{"href":"https:\/\/motokary-karting.sk\/pl\/wp-json\/wp\/v2\/types\/product"}],"wp:featuredmedia":[{"embeddable":true,"href":"https:\/\/motokary-karting.sk\/pl\/wp-json\/wp\/v2\/media\/4659"}],"wp:attachment":[{"href":"https:\/\/motokary-karting.sk\/pl\/wp-json\/wp\/v2\/media?parent=4658"}],"wp:term":[{"taxonomy":"product_brand","embeddable":true,"href":"https:\/\/motokary-karting.sk\/pl\/wp-json\/wp\/v2\/product_brand?post=4658"},{"taxonomy":"product_cat","embeddable":true,"href":"https:\/\/motokary-karting.sk\/pl\/wp-json\/wp\/v2\/product_cat?post=4658"},{"taxonomy":"product_tag","embeddable":true,"href":"https:\/\/motokary-karting.sk\/pl\/wp-json\/wp\/v2\/product_tag?post=4658"}],"curies":[{"name":"wp","href":"https:\/\/api.w.org\/{rel}","templated":true}]}}