{"id":4719,"date":"2020-11-07T23:22:19","date_gmt":"2020-11-07T23:22:19","guid":{"rendered":"https:\/\/motokary-karting.sk\/?post_type=product&#038;p=4719"},"modified":"2024-02-23T14:59:23","modified_gmt":"2024-02-23T14:59:23","slug":"karta-medalowa-zloty-srebrny-brazowy","status":"publish","type":"product","link":"https:\/\/motokary-karting.sk\/pl\/produkt\/medajla-kart-zlato-striebro-bronz\/","title":{"rendered":"Medal kartingowy z\u0142oty \/ srebrny \/ br\u0105zowy 50 mm"},"content":{"rendered":"<p>Smycz nale\u017cy zam\u00f3wi\u0107 osobno - do wyboru do koloru<\/p>","protected":false},"excerpt":{"rendered":"<p>Smycz nale\u017cy zam\u00f3wi\u0107 osobno - do wyboru do koloru<\/p>","protected":false},"featured_media":4723,"template":"","meta":[],"product_brand":[],"product_cat":[1391],"product_tag":[142,1392,1394,1393,81,290],"class_list":{"0":"post-4719","1":"product","2":"type-product","3":"status-publish","4":"has-post-thumbnail","6":"product_cat-trofeje-medajle-vlajky","7":"product_tag-karting","8":"product_tag-medajla-motokara","9":"product_tag-medajla-s-motivom-motokary","10":"product_tag-motokarova-medajla","11":"product_tag-motokary","12":"product_tag-pozicovna-motokar","14":"first","15":"onbackorder","16":"taxable","17":"shipping-taxable","18":"purchasable","19":"product-type-variable","20":"customify-col"},"aioseo_notices":[],"_links":{"self":[{"href":"https:\/\/motokary-karting.sk\/pl\/wp-json\/wp\/v2\/product\/4719","targetHints":{"allow":["GET"]}}],"collection":[{"href":"https:\/\/motokary-karting.sk\/pl\/wp-json\/wp\/v2\/product"}],"about":[{"href":"https:\/\/motokary-karting.sk\/pl\/wp-json\/wp\/v2\/types\/product"}],"wp:featuredmedia":[{"embeddable":true,"href":"https:\/\/motokary-karting.sk\/pl\/wp-json\/wp\/v2\/media\/4723"}],"wp:attachment":[{"href":"https:\/\/motokary-karting.sk\/pl\/wp-json\/wp\/v2\/media?parent=4719"}],"wp:term":[{"taxonomy":"product_brand","embeddable":true,"href":"https:\/\/motokary-karting.sk\/pl\/wp-json\/wp\/v2\/product_brand?post=4719"},{"taxonomy":"product_cat","embeddable":true,"href":"https:\/\/motokary-karting.sk\/pl\/wp-json\/wp\/v2\/product_cat?post=4719"},{"taxonomy":"product_tag","embeddable":true,"href":"https:\/\/motokary-karting.sk\/pl\/wp-json\/wp\/v2\/product_tag?post=4719"}],"curies":[{"name":"wp","href":"https:\/\/api.w.org\/{rel}","templated":true}]}}