{"id":4770,"date":"2020-11-08T00:03:18","date_gmt":"2020-11-08T00:03:18","guid":{"rendered":"https:\/\/motokary-karting.sk\/?post_type=product&#038;p=4770"},"modified":"2024-07-23T14:17:05","modified_gmt":"2024-07-23T14:17:05","slug":"czarny-pas-race-50mm-50m","status":"publish","type":"product","link":"https:\/\/motokary-karting.sk\/pl\/produkt\/race-paska-cierna-50mm-50m\/","title":{"rendered":"Ta\u015bma wy\u015bcigowa czarna 50mm | NAME 50M"},"content":{"rendered":"<p>TYTU\u0141 50 metr\u00f3w<\/p>","protected":false},"excerpt":{"rendered":"<p>TYTU\u0141 50 metr\u00f3w<\/p>","protected":false},"featured_media":4771,"template":"","meta":[],"product_brand":[],"product_cat":[3360,58],"product_tag":[142,1344,1407,81,1406,1405,1404],"class_list":{"0":"post-4770","1":"product","2":"type-product","3":"status-publish","4":"has-post-thumbnail","6":"product_cat-ostatne-vybava-do-garaze","7":"product_cat-vybava-do-garaze","8":"product_tag-karting","9":"product_tag-karting-shop","10":"product_tag-lepiaca-paska","11":"product_tag-motokary","12":"product_tag-paska-race","13":"product_tag-race-paska","14":"product_tag-race-tape","16":"first","17":"onbackorder","18":"taxable","19":"shipping-taxable","20":"purchasable","21":"product-type-simple","22":"customify-col"},"aioseo_notices":[],"_links":{"self":[{"href":"https:\/\/motokary-karting.sk\/pl\/wp-json\/wp\/v2\/product\/4770","targetHints":{"allow":["GET"]}}],"collection":[{"href":"https:\/\/motokary-karting.sk\/pl\/wp-json\/wp\/v2\/product"}],"about":[{"href":"https:\/\/motokary-karting.sk\/pl\/wp-json\/wp\/v2\/types\/product"}],"wp:featuredmedia":[{"embeddable":true,"href":"https:\/\/motokary-karting.sk\/pl\/wp-json\/wp\/v2\/media\/4771"}],"wp:attachment":[{"href":"https:\/\/motokary-karting.sk\/pl\/wp-json\/wp\/v2\/media?parent=4770"}],"wp:term":[{"taxonomy":"product_brand","embeddable":true,"href":"https:\/\/motokary-karting.sk\/pl\/wp-json\/wp\/v2\/product_brand?post=4770"},{"taxonomy":"product_cat","embeddable":true,"href":"https:\/\/motokary-karting.sk\/pl\/wp-json\/wp\/v2\/product_cat?post=4770"},{"taxonomy":"product_tag","embeddable":true,"href":"https:\/\/motokary-karting.sk\/pl\/wp-json\/wp\/v2\/product_tag?post=4770"}],"curies":[{"name":"wp","href":"https:\/\/api.w.org\/{rel}","templated":true}]}}