{"id":4797,"date":"2020-11-12T08:15:15","date_gmt":"2020-11-12T08:15:15","guid":{"rendered":"https:\/\/motokary-karting.sk\/?post_type=product&#038;p=4797"},"modified":"2024-02-15T12:46:09","modified_gmt":"2024-02-15T12:46:09","slug":"kurtka-wyscigowa-sparco-martini","status":"publish","type":"product","link":"https:\/\/motokary-karting.sk\/pl\/produkt\/sparco-bunda-martini-racing\/","title":{"rendered":"Kurtka Sparco MARTINI RACING"},"content":{"rendered":"<p>Design inspirowany legendarnymi wy\u015bcigami MARTINI RACING nadaje tej kurtce bomber wyj\u0105tkowo sportowy wygl\u0105d. Do\u0142\u0105czone pagony i pasek na szyj\u0119 w stylowym stylu sport\u00f3w motorowych. Z przodu znajduje si\u0119 du\u017ca aplikacja z odwa\u017cnymi kolorowymi paskami MARTINI RACING. Ma\u0142e aplikacje zdobi\u0105 r\u0119kawy i pasek na szyi. Sportowy kr\u00f3j w po\u0142\u0105czeniu z r\u00f3\u017cnymi haftami nawi\u0105zuje do historycznych wy\u015bcig\u00f3w i sprawia, \u017ce kurtka przyci\u0105ga uwag\u0119.<\/p>\n<p>Materia\u0142 cholewki: poliamid 100%, podszewka: poliester 100%<\/p>","protected":false},"excerpt":{"rendered":"<p>Design inspirowany legendarnymi wy\u015bcigami MARTINI RACING nadaje tej kurtce bomber wyj\u0105tkowo sportowy wygl\u0105d. Do\u0142\u0105czone pagony i pasek na szyj\u0119 w stylowym stylu sport\u00f3w motorowych. Ponad...<\/p>","protected":false},"featured_media":4814,"template":"","meta":[],"product_brand":[],"product_cat":[2916,32,1458],"product_tag":[142,1421,81,26,1419,1418,1422,1420],"class_list":{"0":"post-4797","1":"product","2":"type-product","3":"status-publish","4":"has-post-thumbnail","6":"product_cat-bundy","7":"product_cat-lifestyle-oblecenie-a-produkty-na-volny-cas","8":"product_cat-martini-racing","9":"product_tag-karting","10":"product_tag-martini-racing","11":"product_tag-motokary","12":"product_tag-sparco","13":"product_tag-sparco-bomber","14":"product_tag-sparco-bomber-bunda","15":"product_tag-sparco-bomber-bunda-martini-racing","16":"product_tag-sparco-martini-racing","18":"first","19":"onbackorder","20":"sale","21":"taxable","22":"shipping-taxable","23":"purchasable","24":"product-type-variable","25":"customify-col","26":"product-has-gallery"},"aioseo_notices":[],"_links":{"self":[{"href":"https:\/\/motokary-karting.sk\/pl\/wp-json\/wp\/v2\/product\/4797","targetHints":{"allow":["GET"]}}],"collection":[{"href":"https:\/\/motokary-karting.sk\/pl\/wp-json\/wp\/v2\/product"}],"about":[{"href":"https:\/\/motokary-karting.sk\/pl\/wp-json\/wp\/v2\/types\/product"}],"wp:featuredmedia":[{"embeddable":true,"href":"https:\/\/motokary-karting.sk\/pl\/wp-json\/wp\/v2\/media\/4814"}],"wp:attachment":[{"href":"https:\/\/motokary-karting.sk\/pl\/wp-json\/wp\/v2\/media?parent=4797"}],"wp:term":[{"taxonomy":"product_brand","embeddable":true,"href":"https:\/\/motokary-karting.sk\/pl\/wp-json\/wp\/v2\/product_brand?post=4797"},{"taxonomy":"product_cat","embeddable":true,"href":"https:\/\/motokary-karting.sk\/pl\/wp-json\/wp\/v2\/product_cat?post=4797"},{"taxonomy":"product_tag","embeddable":true,"href":"https:\/\/motokary-karting.sk\/pl\/wp-json\/wp\/v2\/product_tag?post=4797"}],"curies":[{"name":"wp","href":"https:\/\/api.w.org\/{rel}","templated":true}]}}