{"id":4833,"date":"2020-11-12T08:33:25","date_gmt":"2020-11-12T08:33:25","guid":{"rendered":"https:\/\/motokary-karting.sk\/?post_type=product&#038;p=4833"},"modified":"2021-02-13T21:51:13","modified_gmt":"2021-02-13T21:51:13","slug":"buty-treningowe-sparco-sl-17-martini-racing","status":"publish","type":"product","link":"https:\/\/motokary-karting.sk\/pl\/produkt\/sparco-vychadzkova-obuv-sl-17-martini-racing\/","title":{"rendered":"Buty do chodzenia SPARCO SL-17 MARTINI RACING"},"content":{"rendered":"<p>Niskie, casualowe buty do jazdy SPARCO, teraz w specjalnej edycji MARTINI RACING!<\/p>\n<p>Podeszwa wy\u015bcigowa. Zaokr\u0105glona pi\u0119ta.<\/p>\n<p>Wysokiej jako\u015bci detale, wygodne dopasowanie. Wykonane ze sk\u00f3ry.<\/p>","protected":false},"excerpt":{"rendered":"<p>Niskie, casualowe buty do jazdy SPARCO, teraz w specjalnej edycji MARTINI RACING! Podeszwa wy\u015bcigowa. Zaokr\u0105glony obcas. Wysokiej klasy detale, wygodne dopasowanie. Wykonane ze sk\u00f3ry.<\/p>","protected":false},"featured_media":4880,"template":"","meta":[],"product_brand":[],"product_cat":[32,1458,1066],"product_tag":[142,1421,1423,81,1073,945,26,1420,1068,1069,1067,1070,941,1071,1424,1072],"class_list":{"0":"post-4833","1":"product","2":"type-product","3":"status-publish","4":"has-post-thumbnail","6":"product_cat-lifestyle-oblecenie-a-produkty-na-volny-cas","7":"product_cat-martini-racing","8":"product_cat-tenisky-a-topanky","9":"product_tag-karting","10":"product_tag-martini-racing","11":"product_tag-martini-racing-colection","12":"product_tag-motokary","13":"product_tag-panske-tenisky","14":"product_tag-predajna-sparco","15":"product_tag-sparco","16":"product_tag-sparco-martini-racing","17":"product_tag-sparco-sl-17","18":"product_tag-sparco-sl17","19":"product_tag-sparco-tenisky","20":"product_tag-sparco-tenisky-sl-17","21":"product_tag-sparco-topanky","22":"product_tag-sparco-vychadzkova-obuv","23":"product_tag-sparco-vychadzkova-obuv-sl-17-martini-racing","24":"product_tag-tenisky","26":"first","27":"onbackorder","28":"taxable","29":"shipping-taxable","30":"purchasable","31":"product-type-variable","32":"customify-col","33":"product-has-gallery"},"aioseo_notices":[],"_links":{"self":[{"href":"https:\/\/motokary-karting.sk\/pl\/wp-json\/wp\/v2\/product\/4833","targetHints":{"allow":["GET"]}}],"collection":[{"href":"https:\/\/motokary-karting.sk\/pl\/wp-json\/wp\/v2\/product"}],"about":[{"href":"https:\/\/motokary-karting.sk\/pl\/wp-json\/wp\/v2\/types\/product"}],"wp:featuredmedia":[{"embeddable":true,"href":"https:\/\/motokary-karting.sk\/pl\/wp-json\/wp\/v2\/media\/4880"}],"wp:attachment":[{"href":"https:\/\/motokary-karting.sk\/pl\/wp-json\/wp\/v2\/media?parent=4833"}],"wp:term":[{"taxonomy":"product_brand","embeddable":true,"href":"https:\/\/motokary-karting.sk\/pl\/wp-json\/wp\/v2\/product_brand?post=4833"},{"taxonomy":"product_cat","embeddable":true,"href":"https:\/\/motokary-karting.sk\/pl\/wp-json\/wp\/v2\/product_cat?post=4833"},{"taxonomy":"product_tag","embeddable":true,"href":"https:\/\/motokary-karting.sk\/pl\/wp-json\/wp\/v2\/product_tag?post=4833"}],"curies":[{"name":"wp","href":"https:\/\/api.w.org\/{rel}","templated":true}]}}