{"id":4909,"date":"2022-12-06T09:38:25","date_gmt":"2022-12-06T09:38:25","guid":{"rendered":"https:\/\/motokary-karting.sk\/?post_type=product&#038;p=4909"},"modified":"2026-01-23T14:17:34","modified_gmt":"2026-01-23T14:17:34","slug":"bluza-sparco-martini-racing","status":"publish","type":"product","link":"https:\/\/motokary-karting.sk\/pl\/produkt\/sparco-mikina-martini-racing\/","title":{"rendered":"Bluza Sparco MARTINI RACING"},"content":{"rendered":"<p>- specjalna edycja bluzy z kapturem <strong>MARTINI RACING<\/strong> v <span style=\"color: #ff0000;\"><strong>z siedmiu<\/strong><\/span> kolory!<\/p>\n<p>- Logo MARTINI RACING na piersi<\/p>\n<p>- sznurek \u015bci\u0105gaj\u0105cy wok\u00f3\u0142 kaptura<\/p>\n<p>- P\u0142askie szwy dla wi\u0119kszego komfortu<\/p>\n<p>- kiesze\u0144 na brzuchu<\/p>\n<p>SK\u0141AD:<br \/>\n35% BAVLNA - 65% POLIESTER - 300 g\/m\u00b2<\/p>","protected":false},"excerpt":{"rendered":"<p>- Specjalna edycja bluzy z kapturem MARTINI RACING w siedmiu kolorach! - Logo MARTINI RACING na piersi - sznurek \u015bci\u0105gaj\u0105cy wok\u00f3\u0142 kaptura - p\u0142askie szwy...<\/p>","protected":false},"featured_media":17219,"template":"","meta":[],"product_brand":[],"product_cat":[32,1458,1008,158],"product_tag":[142,1344,1421,1443,1442,1444,2062,1011,81,26,1107,1123,1755],"class_list":{"0":"post-4909","1":"product","2":"type-product","3":"status-publish","4":"has-post-thumbnail","6":"product_cat-lifestyle-oblecenie-a-produkty-na-volny-cas","7":"product_cat-martini-racing","8":"product_cat-mikiny","9":"product_cat-tip-na-darcek","10":"product_tag-karting","11":"product_tag-karting-shop","12":"product_tag-martini-racing","13":"product_tag-martini-racing-mikina","14":"product_tag-mikina","15":"product_tag-mikina-martini-racing","16":"product_tag-mikina-s-motoristicym-motivom","17":"product_tag-mikina-sparco","18":"product_tag-motokary","19":"product_tag-sparco","20":"product_tag-sparco-mikina","21":"product_tag-sparco-motorsport","22":"product_tag-sparco-shop","24":"first","25":"onbackorder","26":"taxable","27":"shipping-taxable","28":"purchasable","29":"product-type-variable","30":"customify-col","31":"product-has-gallery"},"aioseo_notices":[],"_links":{"self":[{"href":"https:\/\/motokary-karting.sk\/pl\/wp-json\/wp\/v2\/product\/4909","targetHints":{"allow":["GET"]}}],"collection":[{"href":"https:\/\/motokary-karting.sk\/pl\/wp-json\/wp\/v2\/product"}],"about":[{"href":"https:\/\/motokary-karting.sk\/pl\/wp-json\/wp\/v2\/types\/product"}],"wp:featuredmedia":[{"embeddable":true,"href":"https:\/\/motokary-karting.sk\/pl\/wp-json\/wp\/v2\/media\/17219"}],"wp:attachment":[{"href":"https:\/\/motokary-karting.sk\/pl\/wp-json\/wp\/v2\/media?parent=4909"}],"wp:term":[{"taxonomy":"product_brand","embeddable":true,"href":"https:\/\/motokary-karting.sk\/pl\/wp-json\/wp\/v2\/product_brand?post=4909"},{"taxonomy":"product_cat","embeddable":true,"href":"https:\/\/motokary-karting.sk\/pl\/wp-json\/wp\/v2\/product_cat?post=4909"},{"taxonomy":"product_tag","embeddable":true,"href":"https:\/\/motokary-karting.sk\/pl\/wp-json\/wp\/v2\/product_tag?post=4909"}],"curies":[{"name":"wp","href":"https:\/\/api.w.org\/{rel}","templated":true}]}}