{"id":5338,"date":"2020-11-20T12:07:36","date_gmt":"2020-11-20T12:07:36","guid":{"rendered":"https:\/\/motokary-karting.sk\/?post_type=product&#038;p=5338"},"modified":"2026-02-11T10:47:56","modified_gmt":"2026-02-11T10:47:56","slug":"kombinezon-dzieciecy-sparco-z-kraweznikiem","status":"publish","type":"product","link":"https:\/\/motokary-karting.sk\/pl\/produkt\/sparco-kerb-kombineza-detska\/","title":{"rendered":"Kombinezon dzieci\u0119cy Sparco KERB - OSTATNIA SZTUKA rozmiar 130"},"content":{"rendered":"<p>Nowo\u015b\u0107 od SPARCO do wy\u015bcig\u00f3w gokartowych - kombinezon KERB z homologacj\u0105 FIA w rozs\u0105dnej cenie. Elastyczne, rozci\u0105gliwe obszary na plecach, oddychaj\u0105ce wk\u0142adki pod pachami i na udach, ukryte kieszenie i \u015bci\u0105gacz w pasie. Gramatura materia\u0142u ok. 470\/500 g\/m\u00b2.<\/p>\n<p>Dost\u0119pny w sze\u015bciu opcjach kolorystycznych oraz w wersji dzieci\u0119cej.<\/p>\n<p>Homologacja FIA N 2013-1<\/p>","protected":false},"excerpt":{"rendered":"<p>Nowo\u015b\u0107 od SPARCO do wy\u015bcig\u00f3w gokartowych - kombinezon KERB z homologacj\u0105 FIA w rozs\u0105dnej cenie. Elastyczne, rozci\u0105gliwe obszary na plecach, oddychaj\u0105ce wk\u0142adki pod pachami i...<\/p>","protected":false},"featured_media":4242,"template":"","meta":[],"product_brand":[],"product_cat":[22,98,18],"product_tag":[1499,142,1344,1042,1254,81,26,1500,1252,1043,1253,1501,1755],"class_list":{"0":"post-5338","1":"product","2":"type-product","3":"status-publish","4":"has-post-thumbnail","6":"product_cat-kombinezy","7":"product_cat-sparco-kombinezy","8":"product_cat-vybava-pretekara","9":"product_tag-detska-kombineza","10":"product_tag-karting","11":"product_tag-karting-shop","12":"product_tag-kombineza-sparco","13":"product_tag-kombineza-sparco-kerb","14":"product_tag-motokary","15":"product_tag-sparco","16":"product_tag-sparco-detska-kombineza","17":"product_tag-sparco-kerb","18":"product_tag-sparco-kombineza","19":"product_tag-sparco-kombineza-kerb","20":"product_tag-sparco-kombineza-pre-deti","21":"product_tag-sparco-shop","23":"first","24":"instock","25":"sale","26":"taxable","27":"shipping-taxable","28":"purchasable","29":"product-type-variable","30":"customify-col","31":"product-has-gallery"},"aioseo_notices":[],"_links":{"self":[{"href":"https:\/\/motokary-karting.sk\/pl\/wp-json\/wp\/v2\/product\/5338","targetHints":{"allow":["GET"]}}],"collection":[{"href":"https:\/\/motokary-karting.sk\/pl\/wp-json\/wp\/v2\/product"}],"about":[{"href":"https:\/\/motokary-karting.sk\/pl\/wp-json\/wp\/v2\/types\/product"}],"wp:featuredmedia":[{"embeddable":true,"href":"https:\/\/motokary-karting.sk\/pl\/wp-json\/wp\/v2\/media\/4242"}],"wp:attachment":[{"href":"https:\/\/motokary-karting.sk\/pl\/wp-json\/wp\/v2\/media?parent=5338"}],"wp:term":[{"taxonomy":"product_brand","embeddable":true,"href":"https:\/\/motokary-karting.sk\/pl\/wp-json\/wp\/v2\/product_brand?post=5338"},{"taxonomy":"product_cat","embeddable":true,"href":"https:\/\/motokary-karting.sk\/pl\/wp-json\/wp\/v2\/product_cat?post=5338"},{"taxonomy":"product_tag","embeddable":true,"href":"https:\/\/motokary-karting.sk\/pl\/wp-json\/wp\/v2\/product_tag?post=5338"}],"curies":[{"name":"wp","href":"https:\/\/api.w.org\/{rel}","templated":true}]}}