{"id":5424,"date":"2020-11-22T12:11:27","date_gmt":"2020-11-22T12:11:27","guid":{"rendered":"https:\/\/motokary-karting.sk\/?post_type=product&#038;p=5424"},"modified":"2026-04-16T17:52:53","modified_gmt":"2026-04-16T17:52:53","slug":"drazek-skretny-30-25-mm-dlugosc-265-mm","status":"publish","type":"product","link":"https:\/\/motokary-karting.sk\/pl\/produkt\/torzna-tyc-30-25mm-dlzka-265mm\/","title":{"rendered":"Dr\u0105\u017cek skr\u0119tny \/ stabilizator 30\/25 mm"},"content":{"rendered":"","protected":false},"excerpt":{"rendered":"","protected":false},"featured_media":5426,"template":"","meta":[],"product_brand":[],"product_cat":[271,276],"product_tag":[142,81,1532,1531],"class_list":{"0":"post-5424","1":"product","2":"type-product","3":"status-publish","4":"has-post-thumbnail","6":"product_cat-nahradne-diely-na-podvozky","7":"product_cat-ostatne","8":"product_tag-karting","9":"product_tag-motokary","10":"product_tag-torsion-bar-265","11":"product_tag-torzna-tyc","13":"first","14":"instock","15":"taxable","16":"shipping-taxable","17":"purchasable","18":"product-type-simple","19":"customify-col"},"aioseo_notices":[],"_links":{"self":[{"href":"https:\/\/motokary-karting.sk\/pl\/wp-json\/wp\/v2\/product\/5424","targetHints":{"allow":["GET"]}}],"collection":[{"href":"https:\/\/motokary-karting.sk\/pl\/wp-json\/wp\/v2\/product"}],"about":[{"href":"https:\/\/motokary-karting.sk\/pl\/wp-json\/wp\/v2\/types\/product"}],"wp:featuredmedia":[{"embeddable":true,"href":"https:\/\/motokary-karting.sk\/pl\/wp-json\/wp\/v2\/media\/5426"}],"wp:attachment":[{"href":"https:\/\/motokary-karting.sk\/pl\/wp-json\/wp\/v2\/media?parent=5424"}],"wp:term":[{"taxonomy":"product_brand","embeddable":true,"href":"https:\/\/motokary-karting.sk\/pl\/wp-json\/wp\/v2\/product_brand?post=5424"},{"taxonomy":"product_cat","embeddable":true,"href":"https:\/\/motokary-karting.sk\/pl\/wp-json\/wp\/v2\/product_cat?post=5424"},{"taxonomy":"product_tag","embeddable":true,"href":"https:\/\/motokary-karting.sk\/pl\/wp-json\/wp\/v2\/product_tag?post=5424"}],"curies":[{"name":"wp","href":"https:\/\/api.w.org\/{rel}","templated":true}]}}