{"id":5427,"date":"2020-11-22T12:13:21","date_gmt":"2020-11-22T12:13:21","guid":{"rendered":"https:\/\/motokary-karting.sk\/?post_type=product&#038;p=5427"},"modified":"2026-01-29T15:45:06","modified_gmt":"2026-01-29T15:45:06","slug":"sruba-ograniczajaca-obrot-silnika-100-mm-z-lbem-platova-m10","status":"publish","type":"product","link":"https:\/\/motokary-karting.sk\/pl\/produkt\/skrutka-dorazu-motora-100mm-zavit-m10-platova-hlava\/","title":{"rendered":"\u015aruba ograniczaj\u0105ca silnik 100 mm | gwint M10 | g\u0142owica dociskowa"},"content":{"rendered":"","protected":false},"excerpt":{"rendered":"","protected":false},"featured_media":5428,"template":"","meta":[],"product_brand":[],"product_cat":[271,276],"product_tag":[142,81,1533,1534],"class_list":{"0":"post-5427","1":"product","2":"type-product","3":"status-publish","4":"has-post-thumbnail","6":"product_cat-nahradne-diely-na-podvozky","7":"product_cat-ostatne","8":"product_tag-karting","9":"product_tag-motokary","10":"product_tag-skrutka-dorazu-motora","11":"product_tag-skrutka-sponovaku-motora","13":"first","14":"instock","15":"taxable","16":"shipping-taxable","17":"purchasable","18":"product-type-simple","19":"customify-col"},"aioseo_notices":[],"_links":{"self":[{"href":"https:\/\/motokary-karting.sk\/pl\/wp-json\/wp\/v2\/product\/5427","targetHints":{"allow":["GET"]}}],"collection":[{"href":"https:\/\/motokary-karting.sk\/pl\/wp-json\/wp\/v2\/product"}],"about":[{"href":"https:\/\/motokary-karting.sk\/pl\/wp-json\/wp\/v2\/types\/product"}],"wp:featuredmedia":[{"embeddable":true,"href":"https:\/\/motokary-karting.sk\/pl\/wp-json\/wp\/v2\/media\/5428"}],"wp:attachment":[{"href":"https:\/\/motokary-karting.sk\/pl\/wp-json\/wp\/v2\/media?parent=5427"}],"wp:term":[{"taxonomy":"product_brand","embeddable":true,"href":"https:\/\/motokary-karting.sk\/pl\/wp-json\/wp\/v2\/product_brand?post=5427"},{"taxonomy":"product_cat","embeddable":true,"href":"https:\/\/motokary-karting.sk\/pl\/wp-json\/wp\/v2\/product_cat?post=5427"},{"taxonomy":"product_tag","embeddable":true,"href":"https:\/\/motokary-karting.sk\/pl\/wp-json\/wp\/v2\/product_tag?post=5427"}],"curies":[{"name":"wp","href":"https:\/\/api.w.org\/{rel}","templated":true}]}}