{"id":5431,"date":"2020-11-22T12:30:33","date_gmt":"2020-11-22T12:30:33","guid":{"rendered":"https:\/\/motokary-karting.sk\/?post_type=product&#038;p=5431"},"modified":"2024-05-06T08:27:24","modified_gmt":"2024-05-06T08:27:24","slug":"zestaw-2-szt-podkladek-mimosrodowych-otwor-10-mm-srednica-8-mm","status":"publish","type":"product","link":"https:\/\/motokary-karting.sk\/pl\/produkt\/sada-2-ks-excentricka-podlozka-diera-10mm-priemer-8mm\/","title":{"rendered":"ZESTAW 2szt - Podk\u0142adka mimo\u015brodowa otw\u00f3r 10mm \u015brednica 8mm"},"content":{"rendered":"","protected":false},"excerpt":{"rendered":"<p>Towary w magazynie s\u0105 wysy\u0142ane natychmiast<\/p>","protected":false},"featured_media":5432,"template":"","meta":[],"product_brand":[],"product_cat":[271,378],"product_tag":[1540,1539,142,81],"class_list":{"0":"post-5431","1":"product","2":"type-product","3":"status-publish","4":"has-post-thumbnail","6":"product_cat-nahradne-diely-na-podvozky","7":"product_cat-riadenie-prislusenstvo","8":"product_tag-excentricka-podlozka","9":"product_tag-excentricka-podlozka-riadenia","10":"product_tag-karting","11":"product_tag-motokary","13":"first","14":"instock","15":"taxable","16":"shipping-taxable","17":"purchasable","18":"product-type-simple","19":"customify-col"},"aioseo_notices":[],"_links":{"self":[{"href":"https:\/\/motokary-karting.sk\/pl\/wp-json\/wp\/v2\/product\/5431","targetHints":{"allow":["GET"]}}],"collection":[{"href":"https:\/\/motokary-karting.sk\/pl\/wp-json\/wp\/v2\/product"}],"about":[{"href":"https:\/\/motokary-karting.sk\/pl\/wp-json\/wp\/v2\/types\/product"}],"wp:featuredmedia":[{"embeddable":true,"href":"https:\/\/motokary-karting.sk\/pl\/wp-json\/wp\/v2\/media\/5432"}],"wp:attachment":[{"href":"https:\/\/motokary-karting.sk\/pl\/wp-json\/wp\/v2\/media?parent=5431"}],"wp:term":[{"taxonomy":"product_brand","embeddable":true,"href":"https:\/\/motokary-karting.sk\/pl\/wp-json\/wp\/v2\/product_brand?post=5431"},{"taxonomy":"product_cat","embeddable":true,"href":"https:\/\/motokary-karting.sk\/pl\/wp-json\/wp\/v2\/product_cat?post=5431"},{"taxonomy":"product_tag","embeddable":true,"href":"https:\/\/motokary-karting.sk\/pl\/wp-json\/wp\/v2\/product_tag?post=5431"}],"curies":[{"name":"wp","href":"https:\/\/api.w.org\/{rel}","templated":true}]}}