{"id":5434,"date":"2020-11-24T05:24:38","date_gmt":"2020-11-24T05:24:38","guid":{"rendered":"https:\/\/motokary-karting.sk\/?post_type=product&#038;p=5434"},"modified":"2025-03-04T12:45:15","modified_gmt":"2025-03-04T12:45:15","slug":"ochraniacz-zeber-omp-basic","status":"publish","type":"product","link":"https:\/\/motokary-karting.sk\/pl\/produkt\/omp-rebrovy-chranic-basic\/","title":{"rendered":"Ochraniacz \u017ceber OMP BASIC"},"content":{"rendered":"<p>Doskona\u0142a podstawowa kamizelka ochronna OMP BASIC, kt\u00f3ra nadaje si\u0119 r\u00f3wnie\u017c dla ambitnego kierowcy. Obszar \u017ceber jest chroniony dzi\u0119ki zastosowaniu elastycznej pianki i amortyzacji. Materia\u0142 wierzchni to poliester 100%. Regulowana. Kolor: czarny<\/p>","protected":false},"excerpt":{"rendered":"<p>Doskona\u0142a podstawowa kamizelka ochronna OMP BASIC, kt\u00f3ra nadaje si\u0119 r\u00f3wnie\u017c dla ambitnego kierowcy. Obszar \u017ceber jest chroniony dzi\u0119ki zastosowaniu elastycznej pianki i amortyzacji. Materia\u0142 wierzchni...<\/p>","protected":false},"featured_media":5441,"template":"","meta":[],"product_brand":[],"product_cat":[88,18],"product_tag":[721,81,720,1541,1281,1030,1203,1282],"class_list":{"0":"post-5434","1":"product","2":"type-product","3":"status-publish","4":"has-post-thumbnail","6":"product_cat-ochrana-rebier","7":"product_cat-vybava-pretekara","8":"product_tag-chranic-rebier","9":"product_tag-motokary","10":"product_tag-ochrana-rebier","11":"product_tag-omp-basic","12":"product_tag-omp-rebrovy-chranic","13":"product_tag-rebrovy-chranic","14":"product_tag-rebrovy-chranic-na-motokary","15":"product_tag-rebrovy-chranic-omp","17":"first","18":"instock","19":"taxable","20":"shipping-taxable","21":"purchasable","22":"product-type-variable","23":"customify-col"},"aioseo_notices":[],"_links":{"self":[{"href":"https:\/\/motokary-karting.sk\/pl\/wp-json\/wp\/v2\/product\/5434","targetHints":{"allow":["GET"]}}],"collection":[{"href":"https:\/\/motokary-karting.sk\/pl\/wp-json\/wp\/v2\/product"}],"about":[{"href":"https:\/\/motokary-karting.sk\/pl\/wp-json\/wp\/v2\/types\/product"}],"wp:featuredmedia":[{"embeddable":true,"href":"https:\/\/motokary-karting.sk\/pl\/wp-json\/wp\/v2\/media\/5441"}],"wp:attachment":[{"href":"https:\/\/motokary-karting.sk\/pl\/wp-json\/wp\/v2\/media?parent=5434"}],"wp:term":[{"taxonomy":"product_brand","embeddable":true,"href":"https:\/\/motokary-karting.sk\/pl\/wp-json\/wp\/v2\/product_brand?post=5434"},{"taxonomy":"product_cat","embeddable":true,"href":"https:\/\/motokary-karting.sk\/pl\/wp-json\/wp\/v2\/product_cat?post=5434"},{"taxonomy":"product_tag","embeddable":true,"href":"https:\/\/motokary-karting.sk\/pl\/wp-json\/wp\/v2\/product_tag?post=5434"}],"curies":[{"name":"wp","href":"https:\/\/api.w.org\/{rel}","templated":true}]}}