{"id":5455,"date":"2020-11-24T06:06:09","date_gmt":"2020-11-24T06:06:09","guid":{"rendered":"https:\/\/motokary-karting.sk\/?post_type=product&#038;p=5455"},"modified":"2026-04-12T14:45:43","modified_gmt":"2026-04-12T14:45:43","slug":"ochraniacz-zeber-omp-ks-one","status":"publish","type":"product","link":"https:\/\/motokary-karting.sk\/pl\/produkt\/omp-ks-one-rebrovy-chranic\/","title":{"rendered":"Ochraniacz \u017ceber OMP KS ONE"},"content":{"rendered":"<p>Profesjonalna kamizelka ochronna OMP KS ONE z elastycznymi wstawkami wiskozowymi<br \/>\nwykonane z pianki PU. Doskona\u0142a ochrona dzi\u0119ki innowacyjnemu, ergonomicznemu kszta\u0142towi<br \/>\npanele, kt\u00f3re dopasowuj\u0105 si\u0119 do kszta\u0142tu cia\u0142a. Dzi\u0119ki d\u0142ugiemu panelowi tylnemu<br \/>\nkr\u0119gos\u0142up jest dobrze zakryty a\u017c do okolicy ogona, bez ograniczania ruch\u00f3w.<br \/>\nIndywidualne dopasowanie jest mo\u017cliwe dzi\u0119ki regulowanym na d\u0142ugo\u015b\u0107 paskom naramiennym i podw\u00f3jnemu D-ringowi.<\/p>\n<p>Kolor: czarny<\/p>\n<p>Rozmiary:<br \/>\nXS \/ S (dolny obw\u00f3d klatki piersiowej ok. 70-89 cm \/ wzrost ok. 160-170 cm)<br \/>\nM \/ L (dolny obw\u00f3d klatki piersiowej ok. 89 - 110 cm \/ wzrost ok. 170 - 190 cm)<\/p>","protected":false},"excerpt":{"rendered":"<p>Profesjonalna kamizelka ochronna OMP KS ONE z wk\u0142adkami z elastycznej pianki PU. Doskona\u0142a ochrona dzi\u0119ki innowacyjnym, ergonomicznie ukszta\u0142towanym panelom, kt\u00f3re dopasowuj\u0105 si\u0119 do kszta\u0142tu cia\u0142a. Dzi\u0119ki...<\/p>","protected":false},"featured_media":9678,"template":"","meta":[],"product_brand":[],"product_cat":[88,18],"product_tag":[142,1344,1546,81,1547,1281,1030,1203],"class_list":{"0":"post-5455","1":"product","2":"type-product","3":"status-publish","4":"has-post-thumbnail","6":"product_cat-ochrana-rebier","7":"product_cat-vybava-pretekara","8":"product_tag-karting","9":"product_tag-karting-shop","10":"product_tag-motokarovy-rebrovy-chranic","11":"product_tag-motokary","12":"product_tag-omp-ks-one","13":"product_tag-omp-rebrovy-chranic","14":"product_tag-rebrovy-chranic","15":"product_tag-rebrovy-chranic-na-motokary","17":"first","18":"instock","19":"taxable","20":"shipping-taxable","21":"purchasable","22":"product-type-variable","23":"customify-col","24":"product-has-gallery"},"aioseo_notices":[],"_links":{"self":[{"href":"https:\/\/motokary-karting.sk\/pl\/wp-json\/wp\/v2\/product\/5455","targetHints":{"allow":["GET"]}}],"collection":[{"href":"https:\/\/motokary-karting.sk\/pl\/wp-json\/wp\/v2\/product"}],"about":[{"href":"https:\/\/motokary-karting.sk\/pl\/wp-json\/wp\/v2\/types\/product"}],"wp:featuredmedia":[{"embeddable":true,"href":"https:\/\/motokary-karting.sk\/pl\/wp-json\/wp\/v2\/media\/9678"}],"wp:attachment":[{"href":"https:\/\/motokary-karting.sk\/pl\/wp-json\/wp\/v2\/media?parent=5455"}],"wp:term":[{"taxonomy":"product_brand","embeddable":true,"href":"https:\/\/motokary-karting.sk\/pl\/wp-json\/wp\/v2\/product_brand?post=5455"},{"taxonomy":"product_cat","embeddable":true,"href":"https:\/\/motokary-karting.sk\/pl\/wp-json\/wp\/v2\/product_cat?post=5455"},{"taxonomy":"product_tag","embeddable":true,"href":"https:\/\/motokary-karting.sk\/pl\/wp-json\/wp\/v2\/product_tag?post=5455"}],"curies":[{"name":"wp","href":"https:\/\/api.w.org\/{rel}","templated":true}]}}