{"id":5504,"date":"2020-11-25T23:14:58","date_gmt":"2020-11-25T23:14:58","guid":{"rendered":"https:\/\/motokary-karting.sk\/?post_type=product&#038;p=5504"},"modified":"2026-04-07T12:01:02","modified_gmt":"2026-04-07T12:01:02","slug":"pompka-cylindra-hamulcowego-ze-zlotym-kapturkiem","status":"publish","type":"product","link":"https:\/\/motokary-karting.sk\/pl\/produkt\/brzdovy-valec-pumpa-s-nadobkou-zlata\/","title":{"rendered":"Cylinder hamulcowy PRO (pompa) z pojemnikiem w kolorze z\u0142otym"},"content":{"rendered":"","protected":false},"excerpt":{"rendered":"<p>Dostawa towar\u00f3w na zam\u00f3wienie w ci\u0105gu 7 dni<\/p>","protected":false},"featured_media":5505,"template":"","meta":[],"product_brand":[],"product_cat":[1559,302,1239,271,173,77],"product_tag":[596,824,303,142,81],"class_list":{"0":"post-5504","1":"product","2":"type-product","3":"status-publish","4":"has-post-thumbnail","6":"product_cat-brzdove-pumpy","7":"product_cat-brzdy-prislusenstvo","8":"product_cat-brzdy-prislusenstvo-pozicovna","9":"product_cat-nahradne-diely-na-podvozky","10":"product_cat-podvozky-nahradne-diely","11":"product_cat-rental-karting","12":"product_tag-brake","13":"product_tag-brake-pump","14":"product_tag-brzdova-pumpa","15":"product_tag-karting","16":"product_tag-motokary","18":"first","19":"onbackorder","20":"sold-individually","21":"taxable","22":"shipping-taxable","23":"purchasable","24":"product-type-simple","25":"customify-col"},"aioseo_notices":[],"_links":{"self":[{"href":"https:\/\/motokary-karting.sk\/pl\/wp-json\/wp\/v2\/product\/5504","targetHints":{"allow":["GET"]}}],"collection":[{"href":"https:\/\/motokary-karting.sk\/pl\/wp-json\/wp\/v2\/product"}],"about":[{"href":"https:\/\/motokary-karting.sk\/pl\/wp-json\/wp\/v2\/types\/product"}],"wp:featuredmedia":[{"embeddable":true,"href":"https:\/\/motokary-karting.sk\/pl\/wp-json\/wp\/v2\/media\/5505"}],"wp:attachment":[{"href":"https:\/\/motokary-karting.sk\/pl\/wp-json\/wp\/v2\/media?parent=5504"}],"wp:term":[{"taxonomy":"product_brand","embeddable":true,"href":"https:\/\/motokary-karting.sk\/pl\/wp-json\/wp\/v2\/product_brand?post=5504"},{"taxonomy":"product_cat","embeddable":true,"href":"https:\/\/motokary-karting.sk\/pl\/wp-json\/wp\/v2\/product_cat?post=5504"},{"taxonomy":"product_tag","embeddable":true,"href":"https:\/\/motokary-karting.sk\/pl\/wp-json\/wp\/v2\/product_tag?post=5504"}],"curies":[{"name":"wp","href":"https:\/\/api.w.org\/{rel}","templated":true}]}}